{"id":33398,"date":"2025-06-24T04:00:37","date_gmt":"2025-06-24T12:00:37","guid":{"rendered":"http:\/\/45.63.70.205\/?post_type=product&#038;p=33398"},"modified":"2025-06-24T04:00:37","modified_gmt":"2025-06-24T12:00:37","slug":"minnie-mouse-poster-coloring-set-fun-art-kit-with-crayons-stickers-and-giant-poster","status":"publish","type":"product","link":"http:\/\/shinyyoustationery.com\/it\/minnie-mouse-poster-coloring-set-fun-art-kit-with-crayons-stickers-and-giant-poster\/","title":{"rendered":"Set da colorare con poster di Minnie Mouse - divertente kit artistico con pastelli, adesivi e poster gigante"},"content":{"rendered":"","protected":false},"excerpt":{"rendered":"<p>Lasciate che la vostra creativit\u00e0 prenda il volo con questo set da colorare di poster di Minnie Mouse! Questo set comprende un poster gigante di 100\u00d735 cm con Minnie Mouse, 4 pastelli vivaci, super adesivi e un libro da colorare. Perfetto per i giovani artisti, \u00e8 un modo divertente per decorare il vostro spazio e dare vita al mondo di Minnie. Ideale per la casa o la scuola, questo set offre ore di divertimento e migliora le abilit\u00e0 motorie attraverso la colorazione e la creativit\u00e0.<\/p>","protected":false},"featured_media":33400,"template":"","meta":[],"product_brand":[],"product_cat":[383],"product_tag":[],"class_list":{"0":"post-33398","1":"product","2":"type-product","3":"status-publish","4":"has-post-thumbnail","6":"product_cat-licensed-stationery-supplier","8":"first","9":"instock","10":"shipping-taxable","11":"product-type-simple"},"_links":{"self":[{"href":"http:\/\/shinyyoustationery.com\/it\/wp-json\/wp\/v2\/product\/33398","targetHints":{"allow":["GET"]}}],"collection":[{"href":"http:\/\/shinyyoustationery.com\/it\/wp-json\/wp\/v2\/product"}],"about":[{"href":"http:\/\/shinyyoustationery.com\/it\/wp-json\/wp\/v2\/types\/product"}],"version-history":[{"count":0,"href":"http:\/\/shinyyoustationery.com\/it\/wp-json\/wp\/v2\/product\/33398\/revisions"}],"wp:featuredmedia":[{"embeddable":true,"href":"http:\/\/shinyyoustationery.com\/it\/wp-json\/wp\/v2\/media\/33400"}],"wp:attachment":[{"href":"http:\/\/shinyyoustationery.com\/it\/wp-json\/wp\/v2\/media?parent=33398"}],"wp:term":[{"taxonomy":"product_brand","embeddable":true,"href":"http:\/\/shinyyoustationery.com\/it\/wp-json\/wp\/v2\/product_brand?post=33398"},{"taxonomy":"product_cat","embeddable":true,"href":"http:\/\/shinyyoustationery.com\/it\/wp-json\/wp\/v2\/product_cat?post=33398"},{"taxonomy":"product_tag","embeddable":true,"href":"http:\/\/shinyyoustationery.com\/it\/wp-json\/wp\/v2\/product_tag?post=33398"}],"curies":[{"name":"wp","href":"https:\/\/api.w.org\/{rel}","templated":true}]}}