{"id":34173,"date":"2025-06-30T20:06:55","date_gmt":"2025-06-30T12:06:55","guid":{"rendered":"http:\/\/45.63.70.205\/?post_type=product&#038;p=34173"},"modified":"2025-07-08T14:54:25","modified_gmt":"2025-07-08T06:54:25","slug":"vibrant-assorted-paint-brushes-perfect-for-artists-kids-and-craft-enthusiasts","status":"publish","type":"product","link":"http:\/\/shinyyoustationery.com\/it\/vibrant-assorted-paint-brushes-perfect-for-artists-kids-and-craft-enthusiasts\/","title":{"rendered":"Pennelli di vernice assortiti e vivaci - Perfetti per artisti, bambini e appassionati di artigianato"},"content":{"rendered":"","protected":false},"excerpt":{"rendered":"<p>Scatenate la vostra creativit\u00e0 con questo set di 15 pennelli assortiti della nostra collezione Arts &amp; Crafts! Caratterizzati da manici colorati e vivaci in rosso, blu, giallo, verde e altro, questi pennelli sono ideali per gli artisti di tutte le et\u00e0. Che si tratti di dipingere a casa, a scuola o durante una sessione di crafting, questo versatile set \u00e8 perfetto per una variet\u00e0 di progetti. Ideale per principianti, studenti e artisti esperti!<\/p>","protected":false},"featured_media":34174,"template":"","meta":[],"product_brand":[],"product_cat":[615,702,474],"product_tag":[],"class_list":{"0":"post-34173","1":"product","2":"type-product","3":"status-publish","4":"has-post-thumbnail","6":"product_cat-paint-brush","7":"product_cat-arts-crafts-collection","8":"product_cat-kids-stationery","10":"first","11":"instock","12":"shipping-taxable","13":"product-type-simple"},"_links":{"self":[{"href":"http:\/\/shinyyoustationery.com\/it\/wp-json\/wp\/v2\/product\/34173","targetHints":{"allow":["GET"]}}],"collection":[{"href":"http:\/\/shinyyoustationery.com\/it\/wp-json\/wp\/v2\/product"}],"about":[{"href":"http:\/\/shinyyoustationery.com\/it\/wp-json\/wp\/v2\/types\/product"}],"version-history":[{"count":0,"href":"http:\/\/shinyyoustationery.com\/it\/wp-json\/wp\/v2\/product\/34173\/revisions"}],"wp:featuredmedia":[{"embeddable":true,"href":"http:\/\/shinyyoustationery.com\/it\/wp-json\/wp\/v2\/media\/34174"}],"wp:attachment":[{"href":"http:\/\/shinyyoustationery.com\/it\/wp-json\/wp\/v2\/media?parent=34173"}],"wp:term":[{"taxonomy":"product_brand","embeddable":true,"href":"http:\/\/shinyyoustationery.com\/it\/wp-json\/wp\/v2\/product_brand?post=34173"},{"taxonomy":"product_cat","embeddable":true,"href":"http:\/\/shinyyoustationery.com\/it\/wp-json\/wp\/v2\/product_cat?post=34173"},{"taxonomy":"product_tag","embeddable":true,"href":"http:\/\/shinyyoustationery.com\/it\/wp-json\/wp\/v2\/product_tag?post=34173"}],"curies":[{"name":"wp","href":"https:\/\/api.w.org\/{rel}","templated":true}]}}