{"id":34188,"date":"2025-07-01T11:44:37","date_gmt":"2025-07-01T03:44:37","guid":{"rendered":"http:\/\/45.63.70.205\/?post_type=product&#038;p=34188"},"modified":"2025-09-11T13:08:21","modified_gmt":"2025-09-11T05:08:21","slug":"18-piece-art-set-watercolor-paints-crayons-chalk-and-felt-tip-pens-for-kids-and-artists","status":"publish","type":"product","link":"http:\/\/shinyyoustationery.com\/it\/18-piece-art-set-watercolor-paints-crayons-chalk-and-felt-tip-pens-for-kids-and-artists\/","title":{"rendered":"Set artistico da 18 pezzi - Colori ad acquerello, pastelli, gessetti e penne a punta di feltro per bambini e artisti"},"content":{"rendered":"","protected":false},"excerpt":{"rendered":"<p>Questo set artistico da 18 pezzi \u00e8 perfetto per i bambini e gli artisti in erba e comprende 12 colori ad acquerello, 6 gessetti colorati, 8 pastelli a cera e 3 pennarelli. Ideale per progetti creativi a casa, a scuola o per il crafting, offre una variet\u00e0 di colori vivaci che ispirano infinite possibilit\u00e0 artistiche. Perfetto per i bambini che amano disegnare, dipingere ed esplorare la propria creativit\u00e0.<\/p>","protected":false},"featured_media":34189,"template":"","meta":[],"product_brand":[],"product_cat":[702,415,417,474,504,505,717],"product_tag":[],"class_list":{"0":"post-34188","1":"product","2":"type-product","3":"status-publish","4":"has-post-thumbnail","6":"product_cat-arts-crafts-collection","7":"product_cat-pen","8":"product_cat-marker","9":"product_cat-kids-stationery","10":"product_cat-crayon","11":"product_cat-watercolor-paint","12":"product_cat-felt-tip-pens","14":"first","15":"instock","16":"shipping-taxable","17":"product-type-simple"},"_links":{"self":[{"href":"http:\/\/shinyyoustationery.com\/it\/wp-json\/wp\/v2\/product\/34188","targetHints":{"allow":["GET"]}}],"collection":[{"href":"http:\/\/shinyyoustationery.com\/it\/wp-json\/wp\/v2\/product"}],"about":[{"href":"http:\/\/shinyyoustationery.com\/it\/wp-json\/wp\/v2\/types\/product"}],"version-history":[{"count":0,"href":"http:\/\/shinyyoustationery.com\/it\/wp-json\/wp\/v2\/product\/34188\/revisions"}],"wp:featuredmedia":[{"embeddable":true,"href":"http:\/\/shinyyoustationery.com\/it\/wp-json\/wp\/v2\/media\/34189"}],"wp:attachment":[{"href":"http:\/\/shinyyoustationery.com\/it\/wp-json\/wp\/v2\/media?parent=34188"}],"wp:term":[{"taxonomy":"product_brand","embeddable":true,"href":"http:\/\/shinyyoustationery.com\/it\/wp-json\/wp\/v2\/product_brand?post=34188"},{"taxonomy":"product_cat","embeddable":true,"href":"http:\/\/shinyyoustationery.com\/it\/wp-json\/wp\/v2\/product_cat?post=34188"},{"taxonomy":"product_tag","embeddable":true,"href":"http:\/\/shinyyoustationery.com\/it\/wp-json\/wp\/v2\/product_tag?post=34188"}],"curies":[{"name":"wp","href":"https:\/\/api.w.org\/{rel}","templated":true}]}}