{"id":34847,"date":"2025-07-08T10:50:46","date_gmt":"2025-07-08T02:50:46","guid":{"rendered":"http:\/\/45.63.70.205\/?post_type=product&#038;p=34847"},"modified":"2025-07-08T10:50:46","modified_gmt":"2025-07-08T02:50:46","slug":"wholesale-a4-printer-paper-80-gsm-multi-purpose-office-copy-paper","status":"publish","type":"product","link":"http:\/\/shinyyoustationery.com\/it\/wholesale-a4-printer-paper-80-gsm-multi-purpose-office-copy-paper\/","title":{"rendered":"all'ingrosso Carta per stampante A4 80 Gsm Carta multiuso per copia in ufficio"},"content":{"rendered":"","protected":false},"excerpt":{"rendered":"<p>Questa carta A4 \u00e8 perfetta per tutte le esigenze di stampa in ufficio e a casa. Con una grammatura di 80 GSM e un design liscio e multiuso, garantisce stampe sempre nitide e chiare. Ogni confezione contiene pi\u00f9 risme, il che la rende una scelta economica per l'uso in grandi quantit\u00e0. Ideale per stampanti, fotocopiatrici e altro, questa carta di alta qualit\u00e0 \u00e8 una soluzione affidabile per le attivit\u00e0 di stampa quotidiane.<\/p>","protected":false},"featured_media":34849,"template":"","meta":[],"product_brand":[],"product_cat":[389,384,674],"product_tag":[],"class_list":{"0":"post-34847","1":"product","2":"type-product","3":"status-publish","4":"has-post-thumbnail","6":"product_cat-printer-paper","7":"product_cat-paper-supplies","8":"product_cat-office-paper","10":"first","11":"instock","12":"shipping-taxable","13":"product-type-simple"},"_links":{"self":[{"href":"http:\/\/shinyyoustationery.com\/it\/wp-json\/wp\/v2\/product\/34847","targetHints":{"allow":["GET"]}}],"collection":[{"href":"http:\/\/shinyyoustationery.com\/it\/wp-json\/wp\/v2\/product"}],"about":[{"href":"http:\/\/shinyyoustationery.com\/it\/wp-json\/wp\/v2\/types\/product"}],"version-history":[{"count":0,"href":"http:\/\/shinyyoustationery.com\/it\/wp-json\/wp\/v2\/product\/34847\/revisions"}],"wp:featuredmedia":[{"embeddable":true,"href":"http:\/\/shinyyoustationery.com\/it\/wp-json\/wp\/v2\/media\/34849"}],"wp:attachment":[{"href":"http:\/\/shinyyoustationery.com\/it\/wp-json\/wp\/v2\/media?parent=34847"}],"wp:term":[{"taxonomy":"product_brand","embeddable":true,"href":"http:\/\/shinyyoustationery.com\/it\/wp-json\/wp\/v2\/product_brand?post=34847"},{"taxonomy":"product_cat","embeddable":true,"href":"http:\/\/shinyyoustationery.com\/it\/wp-json\/wp\/v2\/product_cat?post=34847"},{"taxonomy":"product_tag","embeddable":true,"href":"http:\/\/shinyyoustationery.com\/it\/wp-json\/wp\/v2\/product_tag?post=34847"}],"curies":[{"name":"wp","href":"https:\/\/api.w.org\/{rel}","templated":true}]}}