{"id":35310,"date":"2025-07-09T17:32:12","date_gmt":"2025-07-09T09:32:12","guid":{"rendered":"http:\/\/45.63.70.205\/?post_type=product&#038;p=35310"},"modified":"2025-07-09T19:01:37","modified_gmt":"2025-07-09T11:01:37","slug":"wholesale-pack-of-12-pink-pencils-for-school-office","status":"publish","type":"product","link":"http:\/\/shinyyoustationery.com\/it\/wholesale-pack-of-12-pink-pencils-for-school-office\/","title":{"rendered":"Confezione all'ingrosso di 12 matite rosa per scuola e ufficio"},"content":{"rendered":"","protected":false},"excerpt":{"rendered":"<p>Questa confezione di 12 matite rosa di alta qualit\u00e0 \u00e8 perfetta per la scuola, l'ufficio e l'uso personale. Ogni matita \u00e8 realizzata in legno di alta qualit\u00e0, per garantire durata e scorrevolezza della scrittura. Il vivace design rosa aggiunge un tocco divertente al vostro spazio di lavoro o alla vostra classe. Confezionate in un pratico tubo trasparente, queste matite sono facili da trasportare e conservare. Per prendere appunti, disegnare o semplicemente aggiungere un tocco di colore al vostro lavoro, queste matite sono progettate per soddisfare tutte le vostre esigenze.<\/p>","protected":false},"featured_media":35311,"template":"","meta":[],"product_brand":[],"product_cat":[416,415,331,410],"product_tag":[],"class_list":{"0":"post-35310","1":"product","2":"type-product","3":"status-publish","4":"has-post-thumbnail","6":"product_cat-pencil","7":"product_cat-pen","8":"product_cat-stationery-set","9":"product_cat-writing-instruments","11":"first","12":"instock","13":"shipping-taxable","14":"product-type-simple"},"_links":{"self":[{"href":"http:\/\/shinyyoustationery.com\/it\/wp-json\/wp\/v2\/product\/35310","targetHints":{"allow":["GET"]}}],"collection":[{"href":"http:\/\/shinyyoustationery.com\/it\/wp-json\/wp\/v2\/product"}],"about":[{"href":"http:\/\/shinyyoustationery.com\/it\/wp-json\/wp\/v2\/types\/product"}],"version-history":[{"count":0,"href":"http:\/\/shinyyoustationery.com\/it\/wp-json\/wp\/v2\/product\/35310\/revisions"}],"wp:featuredmedia":[{"embeddable":true,"href":"http:\/\/shinyyoustationery.com\/it\/wp-json\/wp\/v2\/media\/35311"}],"wp:attachment":[{"href":"http:\/\/shinyyoustationery.com\/it\/wp-json\/wp\/v2\/media?parent=35310"}],"wp:term":[{"taxonomy":"product_brand","embeddable":true,"href":"http:\/\/shinyyoustationery.com\/it\/wp-json\/wp\/v2\/product_brand?post=35310"},{"taxonomy":"product_cat","embeddable":true,"href":"http:\/\/shinyyoustationery.com\/it\/wp-json\/wp\/v2\/product_cat?post=35310"},{"taxonomy":"product_tag","embeddable":true,"href":"http:\/\/shinyyoustationery.com\/it\/wp-json\/wp\/v2\/product_tag?post=35310"}],"curies":[{"name":"wp","href":"https:\/\/api.w.org\/{rel}","templated":true}]}}