{"id":35946,"date":"2025-07-29T00:24:52","date_gmt":"2025-07-29T08:24:52","guid":{"rendered":"http:\/\/45.63.70.205\/?post_type=product&#038;p=35946"},"modified":"2025-07-29T00:57:59","modified_gmt":"2025-07-29T08:57:59","slug":"wholesale-custom-reusable-magic-water-books-for-kids-with-doodle-pen-board","status":"publish","type":"product","link":"http:\/\/shinyyoustationery.com\/it\/wholesale-custom-reusable-magic-water-books-for-kids-with-doodle-pen-board\/","title":{"rendered":"Commercio all'ingrosso Libri d'acqua magici riutilizzabili per bambini con penna da scarabocchio"},"content":{"rendered":"<p>Libri da colorare sull'acqua unici nel loro genere? Questo libro da colorare riutilizzabile di nuova concezione per i bambini comprende diversi cartoni animati e disegni educativi. Il formato perfetto per essere messo nella borsa a mano del bambino e accompagnarlo in ogni viaggio.<br \/>\nMateriale non tossico? Il rivestimento del nostro libro magico \u00e8 realizzato con materiali riutilizzabili, sicuri ed ecologici, per cui le creazioni dei bambini non sono limitate da inchiostro e vernice: \u00e8 sufficiente riempire la penna con acqua per iniziare ore di divertimento creativo. In qualit\u00e0 di mamma, non dovrete pi\u00f9 preoccuparvi che il vostro bambino possa sporcarsi di vernice mentre disegna.<\/p>\n<ul>\n<li><strong>Design senza confusione:<\/strong> Le matite acquerellabili sono state appositamente studiate per non perdere o versare, mantenendo pulite le mani e gli spazi di lavoro dei pi\u00f9 piccoli.<\/li>\n<li><strong>Imparare giocando?<\/strong> I libri da disegno acquatici hanno schemi chiari e diversi e colori vivaci, cos\u00ec i bambini possono disegnare conoscendo una serie di simpatici animali e colori, imparando giocando e divertendosi, coltivando l'interesse dei bambini per l'apprendimento e costruendo un ponte per loro per esplorare il mondo.<\/li>\n<li><strong>Regali popolari e creativi:<\/strong> Con confezioni sufficienti, ragazzi e ragazze entrambi gli stili applicabili, colori vivaci, metodo di utilizzo conveniente e design unico riutilizzabile pulito, il libro d'acqua \u00e8 perfetto per un regalo<\/li>\n<li><strong>Regalo creativo di compleanno per bambini:<\/strong> Questo libro da colorare ad acqua come regalo di compleanno per bambini all'ingrosso pu\u00f2 essere utilizzato non solo come giocattolo, ma anche per sviluppare le capacit\u00e0 manipolative, immaginative e creative dei bambini. Il libro da colorare ad acqua per bambini pu\u00f2 essere combinato in una variet\u00e0 di forme. I bambini adorano questo regalo di compleanno e si divertono a disegnare su questi fogli colorati quando lo ricevono come regalo di compleanno per bambini.<\/li>\n<\/ul>","protected":false},"excerpt":{"rendered":"<p>Unique Water Coloring Books? This newly designed Reusable water coloring books for kids includes multi cartoon and educational designs. The<\/p>","protected":false},"featured_media":35968,"template":"","meta":[],"product_brand":[],"product_cat":[728,702],"product_tag":[],"class_list":{"0":"post-35946","1":"product","2":"type-product","3":"status-publish","4":"has-post-thumbnail","6":"product_cat-colouring-book","7":"product_cat-arts-crafts-collection","9":"first","10":"instock","11":"shipping-taxable","12":"product-type-simple"},"_links":{"self":[{"href":"http:\/\/shinyyoustationery.com\/it\/wp-json\/wp\/v2\/product\/35946","targetHints":{"allow":["GET"]}}],"collection":[{"href":"http:\/\/shinyyoustationery.com\/it\/wp-json\/wp\/v2\/product"}],"about":[{"href":"http:\/\/shinyyoustationery.com\/it\/wp-json\/wp\/v2\/types\/product"}],"version-history":[{"count":0,"href":"http:\/\/shinyyoustationery.com\/it\/wp-json\/wp\/v2\/product\/35946\/revisions"}],"wp:featuredmedia":[{"embeddable":true,"href":"http:\/\/shinyyoustationery.com\/it\/wp-json\/wp\/v2\/media\/35968"}],"wp:attachment":[{"href":"http:\/\/shinyyoustationery.com\/it\/wp-json\/wp\/v2\/media?parent=35946"}],"wp:term":[{"taxonomy":"product_brand","embeddable":true,"href":"http:\/\/shinyyoustationery.com\/it\/wp-json\/wp\/v2\/product_brand?post=35946"},{"taxonomy":"product_cat","embeddable":true,"href":"http:\/\/shinyyoustationery.com\/it\/wp-json\/wp\/v2\/product_cat?post=35946"},{"taxonomy":"product_tag","embeddable":true,"href":"http:\/\/shinyyoustationery.com\/it\/wp-json\/wp\/v2\/product_tag?post=35946"}],"curies":[{"name":"wp","href":"https:\/\/api.w.org\/{rel}","templated":true}]}}