{"id":29545,"date":"2025-05-19T18:56:07","date_gmt":"2025-05-20T02:56:07","guid":{"rendered":"http:\/\/45.63.70.205\/?post_type=product&#038;p=29545"},"modified":"2025-07-07T10:24:20","modified_gmt":"2025-07-07T02:24:20","slug":"wholesale-custom-syg25001-pen-pencil-case-set","status":"publish","type":"product","link":"http:\/\/shinyyoustationery.com\/pl\/wholesale-custom-syg25001-pen-pencil-case-set\/","title":{"rendered":"Hurtowy zestaw niestandardowych d\u0142ugopis\u00f3w i o\u0142\u00f3wk\u00f3w SYG25001"},"content":{"rendered":"","protected":false},"excerpt":{"rendered":"","protected":false},"featured_media":34728,"template":"","meta":[],"product_brand":[],"product_cat":[331,404,406,477,681],"product_tag":[],"class_list":{"0":"post-29545","1":"product","2":"type-product","3":"status-publish","4":"has-post-thumbnail","6":"product_cat-stationery-set","7":"product_cat-bags-cases","8":"product_cat-gifts","9":"product_cat-school-bags","10":"product_cat-green-collection","12":"first","13":"instock","14":"shipping-taxable","15":"product-type-simple"},"_links":{"self":[{"href":"http:\/\/shinyyoustationery.com\/pl\/wp-json\/wp\/v2\/product\/29545","targetHints":{"allow":["GET"]}}],"collection":[{"href":"http:\/\/shinyyoustationery.com\/pl\/wp-json\/wp\/v2\/product"}],"about":[{"href":"http:\/\/shinyyoustationery.com\/pl\/wp-json\/wp\/v2\/types\/product"}],"version-history":[{"count":0,"href":"http:\/\/shinyyoustationery.com\/pl\/wp-json\/wp\/v2\/product\/29545\/revisions"}],"wp:featuredmedia":[{"embeddable":true,"href":"http:\/\/shinyyoustationery.com\/pl\/wp-json\/wp\/v2\/media\/34728"}],"wp:attachment":[{"href":"http:\/\/shinyyoustationery.com\/pl\/wp-json\/wp\/v2\/media?parent=29545"}],"wp:term":[{"taxonomy":"product_brand","embeddable":true,"href":"http:\/\/shinyyoustationery.com\/pl\/wp-json\/wp\/v2\/product_brand?post=29545"},{"taxonomy":"product_cat","embeddable":true,"href":"http:\/\/shinyyoustationery.com\/pl\/wp-json\/wp\/v2\/product_cat?post=29545"},{"taxonomy":"product_tag","embeddable":true,"href":"http:\/\/shinyyoustationery.com\/pl\/wp-json\/wp\/v2\/product_tag?post=29545"}],"curies":[{"name":"wp","href":"https:\/\/api.w.org\/{rel}","templated":true}]}}