{"id":29619,"date":"2025-05-19T22:37:37","date_gmt":"2025-05-20T06:37:37","guid":{"rendered":"http:\/\/45.63.70.205\/?post_type=product&#038;p=29619"},"modified":"2025-07-07T15:21:19","modified_gmt":"2025-07-07T07:21:19","slug":"wholesale-custom-syg25068-minimalist-and-lightweight-green-zipper-pencil-case","status":"publish","type":"product","link":"http:\/\/shinyyoustationery.com\/pl\/wholesale-custom-syg25068-minimalist-and-lightweight-green-zipper-pencil-case\/","title":{"rendered":"Hurtowy niestandardowy pi\u00f3rnik SYG25068 Minimalistyczny i lekki zielony pi\u00f3rnik na zamek b\u0142yskawiczny"},"content":{"rendered":"","protected":false},"excerpt":{"rendered":"","protected":false},"featured_media":32836,"template":"","meta":[],"product_brand":[],"product_cat":[404,477,520,681],"product_tag":[],"class_list":{"0":"post-29619","1":"product","2":"type-product","3":"status-publish","4":"has-post-thumbnail","6":"product_cat-bags-cases","7":"product_cat-school-bags","8":"product_cat-pencil-case-pouch","9":"product_cat-green-collection","11":"first","12":"instock","13":"featured","14":"shipping-taxable","15":"product-type-simple"},"_links":{"self":[{"href":"http:\/\/shinyyoustationery.com\/pl\/wp-json\/wp\/v2\/product\/29619","targetHints":{"allow":["GET"]}}],"collection":[{"href":"http:\/\/shinyyoustationery.com\/pl\/wp-json\/wp\/v2\/product"}],"about":[{"href":"http:\/\/shinyyoustationery.com\/pl\/wp-json\/wp\/v2\/types\/product"}],"version-history":[{"count":0,"href":"http:\/\/shinyyoustationery.com\/pl\/wp-json\/wp\/v2\/product\/29619\/revisions"}],"wp:featuredmedia":[{"embeddable":true,"href":"http:\/\/shinyyoustationery.com\/pl\/wp-json\/wp\/v2\/media\/32836"}],"wp:attachment":[{"href":"http:\/\/shinyyoustationery.com\/pl\/wp-json\/wp\/v2\/media?parent=29619"}],"wp:term":[{"taxonomy":"product_brand","embeddable":true,"href":"http:\/\/shinyyoustationery.com\/pl\/wp-json\/wp\/v2\/product_brand?post=29619"},{"taxonomy":"product_cat","embeddable":true,"href":"http:\/\/shinyyoustationery.com\/pl\/wp-json\/wp\/v2\/product_cat?post=29619"},{"taxonomy":"product_tag","embeddable":true,"href":"http:\/\/shinyyoustationery.com\/pl\/wp-json\/wp\/v2\/product_tag?post=29619"}],"curies":[{"name":"wp","href":"https:\/\/api.w.org\/{rel}","templated":true}]}}