{"id":29819,"date":"2025-05-20T19:30:20","date_gmt":"2025-05-21T03:30:20","guid":{"rendered":"http:\/\/45.63.70.205\/?post_type=product&#038;p=29819"},"modified":"2025-05-20T21:27:36","modified_gmt":"2025-05-21T05:27:36","slug":"wholesale-custom-green-solar-powered-calculator-with-soft-keys","status":"publish","type":"product","link":"http:\/\/shinyyoustationery.com\/pl\/wholesale-custom-green-solar-powered-calculator-with-soft-keys\/","title":{"rendered":"Hurtowy niestandardowy zielony kalkulator zasilany energi\u0105 s\u0142oneczn\u0105 z mi\u0119kkimi klawiszami"},"content":{"rendered":"","protected":false},"excerpt":{"rendered":"<p>Ten ekologiczny kalkulator zasilany energi\u0105 s\u0142oneczn\u0105 ma przyjazn\u0105 dla \u015brodowiska konstrukcj\u0119 z mi\u0119kkimi klawiszami zapewniaj\u0105cymi wygodn\u0105 obs\u0142ug\u0119. \u0141aduje si\u0119 za pomoc\u0105 energii s\u0142onecznej, eliminuj\u0105c potrzeb\u0119 stosowania baterii, dzi\u0119ki czemu jest zar\u00f3wno energooszcz\u0119dny, jak i przyjazny dla \u015brodowiska - idealny do u\u017cytku w biurze lub w domu.<\/p>","protected":false},"featured_media":29820,"template":"","meta":[],"product_brand":[],"product_cat":[333,397,426],"product_tag":[],"class_list":{"0":"post-29819","1":"product","2":"type-product","3":"status-publish","4":"has-post-thumbnail","6":"product_cat-office-stationery","7":"product_cat-basic-office-stationery","8":"product_cat-calculator","10":"first","11":"instock","12":"shipping-taxable","13":"product-type-simple"},"_links":{"self":[{"href":"http:\/\/shinyyoustationery.com\/pl\/wp-json\/wp\/v2\/product\/29819","targetHints":{"allow":["GET"]}}],"collection":[{"href":"http:\/\/shinyyoustationery.com\/pl\/wp-json\/wp\/v2\/product"}],"about":[{"href":"http:\/\/shinyyoustationery.com\/pl\/wp-json\/wp\/v2\/types\/product"}],"version-history":[{"count":0,"href":"http:\/\/shinyyoustationery.com\/pl\/wp-json\/wp\/v2\/product\/29819\/revisions"}],"wp:featuredmedia":[{"embeddable":true,"href":"http:\/\/shinyyoustationery.com\/pl\/wp-json\/wp\/v2\/media\/29820"}],"wp:attachment":[{"href":"http:\/\/shinyyoustationery.com\/pl\/wp-json\/wp\/v2\/media?parent=29819"}],"wp:term":[{"taxonomy":"product_brand","embeddable":true,"href":"http:\/\/shinyyoustationery.com\/pl\/wp-json\/wp\/v2\/product_brand?post=29819"},{"taxonomy":"product_cat","embeddable":true,"href":"http:\/\/shinyyoustationery.com\/pl\/wp-json\/wp\/v2\/product_cat?post=29819"},{"taxonomy":"product_tag","embeddable":true,"href":"http:\/\/shinyyoustationery.com\/pl\/wp-json\/wp\/v2\/product_tag?post=29819"}],"curies":[{"name":"wp","href":"https:\/\/api.w.org\/{rel}","templated":true}]}}