{"id":29823,"date":"2025-05-20T19:32:06","date_gmt":"2025-05-21T03:32:06","guid":{"rendered":"http:\/\/45.63.70.205\/?post_type=product&#038;p=29823"},"modified":"2025-06-20T01:44:09","modified_gmt":"2025-06-20T09:44:09","slug":"wholesale-custom-green-solar-powered-calculator-for-office-home","status":"publish","type":"product","link":"http:\/\/shinyyoustationery.com\/pl\/wholesale-custom-green-solar-powered-calculator-for-office-home\/","title":{"rendered":"Hurtowy niestandardowy zielony kalkulator zasilany energi\u0105 s\u0142oneczn\u0105 dla biura i domu"},"content":{"rendered":"","protected":false},"excerpt":{"rendered":"<p>Ten ekologiczny kalkulator zasilany energi\u0105 s\u0142oneczn\u0105 jest wyposa\u017cony w du\u017ce, \u0142atwe do naci\u015bni\u0119cia przyciski i funkcj\u0119 \u0142adowania s\u0142onecznego, dzi\u0119ki czemu jest zar\u00f3wno energooszcz\u0119dny, jak i przyjazny dla u\u017cytkownika. Idealny do codziennych oblicze\u0144 w biurze lub w domu, eliminuje potrzeb\u0119 stosowania baterii, zapewniaj\u0105c jednocze\u015bnie niezawodn\u0105 wydajno\u015b\u0107.<\/p>","protected":false},"featured_media":32912,"template":"","meta":[],"product_brand":[],"product_cat":[426,681,333,397],"product_tag":[],"class_list":{"0":"post-29823","1":"product","2":"type-product","3":"status-publish","4":"has-post-thumbnail","6":"product_cat-calculator","7":"product_cat-green-collection","8":"product_cat-office-stationery","9":"product_cat-basic-office-stationery","11":"first","12":"instock","13":"shipping-taxable","14":"product-type-simple"},"_links":{"self":[{"href":"http:\/\/shinyyoustationery.com\/pl\/wp-json\/wp\/v2\/product\/29823","targetHints":{"allow":["GET"]}}],"collection":[{"href":"http:\/\/shinyyoustationery.com\/pl\/wp-json\/wp\/v2\/product"}],"about":[{"href":"http:\/\/shinyyoustationery.com\/pl\/wp-json\/wp\/v2\/types\/product"}],"version-history":[{"count":0,"href":"http:\/\/shinyyoustationery.com\/pl\/wp-json\/wp\/v2\/product\/29823\/revisions"}],"wp:featuredmedia":[{"embeddable":true,"href":"http:\/\/shinyyoustationery.com\/pl\/wp-json\/wp\/v2\/media\/32912"}],"wp:attachment":[{"href":"http:\/\/shinyyoustationery.com\/pl\/wp-json\/wp\/v2\/media?parent=29823"}],"wp:term":[{"taxonomy":"product_brand","embeddable":true,"href":"http:\/\/shinyyoustationery.com\/pl\/wp-json\/wp\/v2\/product_brand?post=29823"},{"taxonomy":"product_cat","embeddable":true,"href":"http:\/\/shinyyoustationery.com\/pl\/wp-json\/wp\/v2\/product_cat?post=29823"},{"taxonomy":"product_tag","embeddable":true,"href":"http:\/\/shinyyoustationery.com\/pl\/wp-json\/wp\/v2\/product_tag?post=29823"}],"curies":[{"name":"wp","href":"https:\/\/api.w.org\/{rel}","templated":true}]}}