{"id":29846,"date":"2025-05-20T22:05:05","date_gmt":"2025-05-21T06:05:05","guid":{"rendered":"http:\/\/45.63.70.205\/?post_type=product&#038;p=29846"},"modified":"2025-06-20T01:54:57","modified_gmt":"2025-06-20T09:54:57","slug":"wholesale-custom-syg25093-green-solar-powered-calculator-with-eco-friendly-design","status":"publish","type":"product","link":"http:\/\/shinyyoustationery.com\/pl\/wholesale-custom-syg25093-green-solar-powered-calculator-with-eco-friendly-design\/","title":{"rendered":"Hurtownia niestandardowa SYG25093 Zielony kalkulator zasilany energi\u0105 s\u0142oneczn\u0105 z ekologicznym designem"},"content":{"rendered":"","protected":false},"excerpt":{"rendered":"<p>Ten ekologiczny kalkulator zasilany energi\u0105 s\u0142oneczn\u0105 posiada du\u017ce, przyjazne dla u\u017cytkownika przyciski i ekologiczn\u0105 konstrukcj\u0119. Kompaktowy rozmiar jest idealny do codziennych oblicze\u0144 w biurze lub w domu, oferuj\u0105c niezawodn\u0105 wydajno\u015b\u0107 bez konieczno\u015bci stosowania baterii.<\/p>","protected":false},"featured_media":32927,"template":"","meta":[],"product_brand":[],"product_cat":[333,397,426,681],"product_tag":[],"class_list":{"0":"post-29846","1":"product","2":"type-product","3":"status-publish","4":"has-post-thumbnail","6":"product_cat-office-stationery","7":"product_cat-basic-office-stationery","8":"product_cat-calculator","9":"product_cat-green-collection","11":"first","12":"instock","13":"shipping-taxable","14":"product-type-simple"},"_links":{"self":[{"href":"http:\/\/shinyyoustationery.com\/pl\/wp-json\/wp\/v2\/product\/29846","targetHints":{"allow":["GET"]}}],"collection":[{"href":"http:\/\/shinyyoustationery.com\/pl\/wp-json\/wp\/v2\/product"}],"about":[{"href":"http:\/\/shinyyoustationery.com\/pl\/wp-json\/wp\/v2\/types\/product"}],"version-history":[{"count":0,"href":"http:\/\/shinyyoustationery.com\/pl\/wp-json\/wp\/v2\/product\/29846\/revisions"}],"wp:featuredmedia":[{"embeddable":true,"href":"http:\/\/shinyyoustationery.com\/pl\/wp-json\/wp\/v2\/media\/32927"}],"wp:attachment":[{"href":"http:\/\/shinyyoustationery.com\/pl\/wp-json\/wp\/v2\/media?parent=29846"}],"wp:term":[{"taxonomy":"product_brand","embeddable":true,"href":"http:\/\/shinyyoustationery.com\/pl\/wp-json\/wp\/v2\/product_brand?post=29846"},{"taxonomy":"product_cat","embeddable":true,"href":"http:\/\/shinyyoustationery.com\/pl\/wp-json\/wp\/v2\/product_cat?post=29846"},{"taxonomy":"product_tag","embeddable":true,"href":"http:\/\/shinyyoustationery.com\/pl\/wp-json\/wp\/v2\/product_tag?post=29846"}],"curies":[{"name":"wp","href":"https:\/\/api.w.org\/{rel}","templated":true}]}}