{"id":29889,"date":"2025-05-20T23:34:20","date_gmt":"2025-05-21T07:34:20","guid":{"rendered":"http:\/\/45.63.70.205\/?post_type=product&#038;p=29889"},"modified":"2025-06-20T02:06:49","modified_gmt":"2025-06-20T10:06:49","slug":"wholesale-custom-elegant-green-tape-dispenser-with-gold-accents","status":"publish","type":"product","link":"http:\/\/shinyyoustationery.com\/pl\/wholesale-custom-elegant-green-tape-dispenser-with-gold-accents\/","title":{"rendered":"Hurtowy niestandardowy elegancki zielony dozownik ta\u015bmy ze z\u0142otymi akcentami"},"content":{"rendered":"","protected":false},"excerpt":{"rendered":"<p>Ten stylowy zielony dyspenser do ta\u015bmy ma elegancki wygl\u0105d ze z\u0142otymi akcentami, dodaj\u0105c odrobin\u0119 elegancji do ka\u017cdego miejsca pracy. Solidna podstawa zapewnia stabilno\u015b\u0107, a obcinak zapewnia czyste i \u0142atwe dozowanie ta\u015bmy. Idealny zar\u00f3wno do u\u017cytku biurowego, jak i domowego.<\/p>","protected":false},"featured_media":32943,"template":"","meta":[],"product_brand":[],"product_cat":[435,681],"product_tag":[],"class_list":{"0":"post-29889","1":"product","2":"type-product","3":"status-publish","4":"has-post-thumbnail","6":"product_cat-tape-dispenser","7":"product_cat-green-collection","9":"first","10":"instock","11":"shipping-taxable","12":"product-type-simple"},"_links":{"self":[{"href":"http:\/\/shinyyoustationery.com\/pl\/wp-json\/wp\/v2\/product\/29889","targetHints":{"allow":["GET"]}}],"collection":[{"href":"http:\/\/shinyyoustationery.com\/pl\/wp-json\/wp\/v2\/product"}],"about":[{"href":"http:\/\/shinyyoustationery.com\/pl\/wp-json\/wp\/v2\/types\/product"}],"version-history":[{"count":0,"href":"http:\/\/shinyyoustationery.com\/pl\/wp-json\/wp\/v2\/product\/29889\/revisions"}],"wp:featuredmedia":[{"embeddable":true,"href":"http:\/\/shinyyoustationery.com\/pl\/wp-json\/wp\/v2\/media\/32943"}],"wp:attachment":[{"href":"http:\/\/shinyyoustationery.com\/pl\/wp-json\/wp\/v2\/media?parent=29889"}],"wp:term":[{"taxonomy":"product_brand","embeddable":true,"href":"http:\/\/shinyyoustationery.com\/pl\/wp-json\/wp\/v2\/product_brand?post=29889"},{"taxonomy":"product_cat","embeddable":true,"href":"http:\/\/shinyyoustationery.com\/pl\/wp-json\/wp\/v2\/product_cat?post=29889"},{"taxonomy":"product_tag","embeddable":true,"href":"http:\/\/shinyyoustationery.com\/pl\/wp-json\/wp\/v2\/product_tag?post=29889"}],"curies":[{"name":"wp","href":"https:\/\/api.w.org\/{rel}","templated":true}]}}