{"id":29901,"date":"2025-05-20T23:52:33","date_gmt":"2025-05-21T07:52:33","guid":{"rendered":"http:\/\/45.63.70.205\/?post_type=product&#038;p=29901"},"modified":"2025-06-23T23:39:26","modified_gmt":"2025-06-24T07:39:26","slug":"wholesale-custom-wooden-15cm-ruler-with-dual-metric-and-imperial-scale","status":"publish","type":"product","link":"http:\/\/shinyyoustationery.com\/pl\/wholesale-custom-wooden-15cm-ruler-with-dual-metric-and-imperial-scale\/","title":{"rendered":"Hurtowa niestandardowa drewniana linijka 15 cm z podw\u00f3jn\u0105 skal\u0105 metryczn\u0105 i imperialn\u0105"},"content":{"rendered":"","protected":false},"excerpt":{"rendered":"<p>Ta 15-centymetrowa drewniana linijka posiada zar\u00f3wno metryczne, jak i imperialne wymiary do wszechstronnego zastosowania. Idealna dla student\u00f3w, artyst\u00f3w lub ka\u017cdego, kto potrzebuje precyzyjnych pomiar\u00f3w, solidna drewniana konstrukcja zapewnia trwa\u0142o\u015b\u0107, a wyra\u017ane oznaczenia u\u0142atwiaj\u0105 korzystanie z niej w szerokim zakresie zada\u0144.<\/p>","protected":false},"featured_media":33285,"template":"","meta":[],"product_brand":[],"product_cat":[424,475,683],"product_tag":[],"class_list":{"0":"post-29901","1":"product","2":"type-product","3":"status-publish","4":"has-post-thumbnail","6":"product_cat-straight-ruler","7":"product_cat-rulers-measuring-tools","8":"product_cat-eco-friendly-collection","10":"first","11":"instock","12":"shipping-taxable","13":"product-type-simple"},"_links":{"self":[{"href":"http:\/\/shinyyoustationery.com\/pl\/wp-json\/wp\/v2\/product\/29901","targetHints":{"allow":["GET"]}}],"collection":[{"href":"http:\/\/shinyyoustationery.com\/pl\/wp-json\/wp\/v2\/product"}],"about":[{"href":"http:\/\/shinyyoustationery.com\/pl\/wp-json\/wp\/v2\/types\/product"}],"version-history":[{"count":0,"href":"http:\/\/shinyyoustationery.com\/pl\/wp-json\/wp\/v2\/product\/29901\/revisions"}],"wp:featuredmedia":[{"embeddable":true,"href":"http:\/\/shinyyoustationery.com\/pl\/wp-json\/wp\/v2\/media\/33285"}],"wp:attachment":[{"href":"http:\/\/shinyyoustationery.com\/pl\/wp-json\/wp\/v2\/media?parent=29901"}],"wp:term":[{"taxonomy":"product_brand","embeddable":true,"href":"http:\/\/shinyyoustationery.com\/pl\/wp-json\/wp\/v2\/product_brand?post=29901"},{"taxonomy":"product_cat","embeddable":true,"href":"http:\/\/shinyyoustationery.com\/pl\/wp-json\/wp\/v2\/product_cat?post=29901"},{"taxonomy":"product_tag","embeddable":true,"href":"http:\/\/shinyyoustationery.com\/pl\/wp-json\/wp\/v2\/product_tag?post=29901"}],"curies":[{"name":"wp","href":"https:\/\/api.w.org\/{rel}","templated":true}]}}