{"id":29912,"date":"2025-05-21T00:21:58","date_gmt":"2025-05-21T08:21:58","guid":{"rendered":"http:\/\/45.63.70.205\/?post_type=product&#038;p=29912"},"modified":"2025-06-22T19:45:29","modified_gmt":"2025-06-23T03:45:29","slug":"wholesale-custom-soft-plush-a5-notebook-with-floral-embroidery","status":"publish","type":"product","link":"http:\/\/shinyyoustationery.com\/pl\/wholesale-custom-soft-plush-a5-notebook-with-floral-embroidery\/","title":{"rendered":"Hurtowy niestandardowy mi\u0119kki pluszowy notatnik A5 z kwiatowym haftem"},"content":{"rendered":"","protected":false},"excerpt":{"rendered":"<p>Ten uroczy notatnik A5 ma przytuln\u0105, pluszow\u0105 zielon\u0105 ok\u0142adk\u0119 z delikatnym haftem w bia\u0142e kwiaty. Idealny do zapisywania my\u015bli, szkic\u00f3w lub notatek, jego mi\u0119kka faktura dodaje odrobin\u0119 ciep\u0142a i uroku na biurku. Kompaktowy i stylowy, jest doskona\u0142ym towarzyszem zar\u00f3wno do u\u017cytku osobistego, jak i zawodowego.<\/p>","protected":false},"featured_media":32948,"template":"","meta":[],"product_brand":[],"product_cat":[387,494,676,681],"product_tag":[],"class_list":{"0":"post-29912","1":"product","2":"type-product","3":"status-publish","4":"has-post-thumbnail","6":"product_cat-notebooks-journals","7":"product_cat-composition-notebook","8":"product_cat-plush-notebook","9":"product_cat-green-collection","11":"first","12":"instock","13":"featured","14":"shipping-taxable","15":"product-type-simple"},"_links":{"self":[{"href":"http:\/\/shinyyoustationery.com\/pl\/wp-json\/wp\/v2\/product\/29912","targetHints":{"allow":["GET"]}}],"collection":[{"href":"http:\/\/shinyyoustationery.com\/pl\/wp-json\/wp\/v2\/product"}],"about":[{"href":"http:\/\/shinyyoustationery.com\/pl\/wp-json\/wp\/v2\/types\/product"}],"version-history":[{"count":0,"href":"http:\/\/shinyyoustationery.com\/pl\/wp-json\/wp\/v2\/product\/29912\/revisions"}],"wp:featuredmedia":[{"embeddable":true,"href":"http:\/\/shinyyoustationery.com\/pl\/wp-json\/wp\/v2\/media\/32948"}],"wp:attachment":[{"href":"http:\/\/shinyyoustationery.com\/pl\/wp-json\/wp\/v2\/media?parent=29912"}],"wp:term":[{"taxonomy":"product_brand","embeddable":true,"href":"http:\/\/shinyyoustationery.com\/pl\/wp-json\/wp\/v2\/product_brand?post=29912"},{"taxonomy":"product_cat","embeddable":true,"href":"http:\/\/shinyyoustationery.com\/pl\/wp-json\/wp\/v2\/product_cat?post=29912"},{"taxonomy":"product_tag","embeddable":true,"href":"http:\/\/shinyyoustationery.com\/pl\/wp-json\/wp\/v2\/product_tag?post=29912"}],"curies":[{"name":"wp","href":"https:\/\/api.w.org\/{rel}","templated":true}]}}