{"id":29918,"date":"2025-05-21T00:26:20","date_gmt":"2025-05-21T08:26:20","guid":{"rendered":"http:\/\/45.63.70.205\/?post_type=product&#038;p=29918"},"modified":"2025-06-20T02:39:31","modified_gmt":"2025-06-20T10:39:31","slug":"wholesale-custom-shiny-green-a5-notebook-with-elastic-band","status":"publish","type":"product","link":"http:\/\/shinyyoustationery.com\/pl\/wholesale-custom-shiny-green-a5-notebook-with-elastic-band\/","title":{"rendered":"Hurtowy niestandardowy b\u0142yszcz\u0105cy zielony notatnik A5 z elastyczn\u0105 opask\u0105"},"content":{"rendered":"","protected":false},"excerpt":{"rendered":"<p>Ten przyci\u0105gaj\u0105cy wzrok notatnik A5 ma \u017cyw\u0105, b\u0142yszcz\u0105c\u0105 zielon\u0105 ok\u0142adk\u0119, idealn\u0105 dla ka\u017cdego, kto szuka stylowego i praktycznego towarzysza do notatek lub szkic\u00f3w. Teksturowana ok\u0142adka stanowi dodatkowy akcent wyrafinowania, a elastyczna opaska zapewnia bezpiecze\u0144stwo stron. Kompaktowy rozmiar u\u0142atwia przenoszenie w dowolne miejsce, dzi\u0119ki czemu idealnie nadaje si\u0119 do szko\u0142y, pracy lub osobistego prowadzenia dziennika.<\/p>","protected":false},"featured_media":32954,"template":"","meta":[],"product_brand":[],"product_cat":[387,494,681],"product_tag":[],"class_list":{"0":"post-29918","1":"product","2":"type-product","3":"status-publish","4":"has-post-thumbnail","6":"product_cat-notebooks-journals","7":"product_cat-composition-notebook","8":"product_cat-green-collection","10":"first","11":"instock","12":"shipping-taxable","13":"product-type-simple"},"_links":{"self":[{"href":"http:\/\/shinyyoustationery.com\/pl\/wp-json\/wp\/v2\/product\/29918","targetHints":{"allow":["GET"]}}],"collection":[{"href":"http:\/\/shinyyoustationery.com\/pl\/wp-json\/wp\/v2\/product"}],"about":[{"href":"http:\/\/shinyyoustationery.com\/pl\/wp-json\/wp\/v2\/types\/product"}],"version-history":[{"count":0,"href":"http:\/\/shinyyoustationery.com\/pl\/wp-json\/wp\/v2\/product\/29918\/revisions"}],"wp:featuredmedia":[{"embeddable":true,"href":"http:\/\/shinyyoustationery.com\/pl\/wp-json\/wp\/v2\/media\/32954"}],"wp:attachment":[{"href":"http:\/\/shinyyoustationery.com\/pl\/wp-json\/wp\/v2\/media?parent=29918"}],"wp:term":[{"taxonomy":"product_brand","embeddable":true,"href":"http:\/\/shinyyoustationery.com\/pl\/wp-json\/wp\/v2\/product_brand?post=29918"},{"taxonomy":"product_cat","embeddable":true,"href":"http:\/\/shinyyoustationery.com\/pl\/wp-json\/wp\/v2\/product_cat?post=29918"},{"taxonomy":"product_tag","embeddable":true,"href":"http:\/\/shinyyoustationery.com\/pl\/wp-json\/wp\/v2\/product_tag?post=29918"}],"curies":[{"name":"wp","href":"https:\/\/api.w.org\/{rel}","templated":true}]}}