{"id":29922,"date":"2025-05-21T00:29:47","date_gmt":"2025-05-21T08:29:47","guid":{"rendered":"http:\/\/45.63.70.205\/?post_type=product&#038;p=29922"},"modified":"2025-06-20T02:44:32","modified_gmt":"2025-06-20T10:44:32","slug":"wholesale-custom-simple-a5-hardcover-notebook-with-glossy-green-holographic-cover","status":"publish","type":"product","link":"http:\/\/shinyyoustationery.com\/pl\/wholesale-custom-simple-a5-hardcover-notebook-with-glossy-green-holographic-cover\/","title":{"rendered":"Hurtownia niestandardowych prostych notatnik\u00f3w A5 w twardej oprawie z b\u0142yszcz\u0105c\u0105 zielon\u0105 holograficzn\u0105 ok\u0142adk\u0105"},"content":{"rendered":"","protected":false},"excerpt":{"rendered":"<p>Ten elegancki i minimalistyczny notatnik A5 jest dost\u0119pny w orze\u017awiaj\u0105cym zielonym kolorze, idealnym dla tych, kt\u00f3rzy kochaj\u0105 prostot\u0119 z odrobin\u0105 koloru. Wyposa\u017cony w mi\u0119kk\u0105 ok\u0142adk\u0119 z nadrukiem \"Note Book\" z przodu, projekt jest uzupe\u0142niony elastycznym zamkni\u0119ciem, kt\u00f3re utrzymuje notatnik bezpiecznie zamkni\u0119ty. Idealny do notowania pomys\u0142\u00f3w, organizowania zada\u0144 lub prowadzenia osobistego dziennika, ten kompaktowy i stylowy notatnik jest idealny do codziennego u\u017cytku.<\/p>","protected":false},"featured_media":32955,"template":"","meta":[],"product_brand":[],"product_cat":[667,681,494],"product_tag":[],"class_list":{"0":"post-29922","1":"product","2":"type-product","3":"status-publish","4":"has-post-thumbnail","6":"product_cat-hardcover-notebook","7":"product_cat-green-collection","8":"product_cat-composition-notebook","10":"first","11":"instock","12":"shipping-taxable","13":"product-type-simple"},"_links":{"self":[{"href":"http:\/\/shinyyoustationery.com\/pl\/wp-json\/wp\/v2\/product\/29922","targetHints":{"allow":["GET"]}}],"collection":[{"href":"http:\/\/shinyyoustationery.com\/pl\/wp-json\/wp\/v2\/product"}],"about":[{"href":"http:\/\/shinyyoustationery.com\/pl\/wp-json\/wp\/v2\/types\/product"}],"version-history":[{"count":0,"href":"http:\/\/shinyyoustationery.com\/pl\/wp-json\/wp\/v2\/product\/29922\/revisions"}],"wp:featuredmedia":[{"embeddable":true,"href":"http:\/\/shinyyoustationery.com\/pl\/wp-json\/wp\/v2\/media\/32955"}],"wp:attachment":[{"href":"http:\/\/shinyyoustationery.com\/pl\/wp-json\/wp\/v2\/media?parent=29922"}],"wp:term":[{"taxonomy":"product_brand","embeddable":true,"href":"http:\/\/shinyyoustationery.com\/pl\/wp-json\/wp\/v2\/product_brand?post=29922"},{"taxonomy":"product_cat","embeddable":true,"href":"http:\/\/shinyyoustationery.com\/pl\/wp-json\/wp\/v2\/product_cat?post=29922"},{"taxonomy":"product_tag","embeddable":true,"href":"http:\/\/shinyyoustationery.com\/pl\/wp-json\/wp\/v2\/product_tag?post=29922"}],"curies":[{"name":"wp","href":"https:\/\/api.w.org\/{rel}","templated":true}]}}