{"id":29925,"date":"2025-05-21T00:31:49","date_gmt":"2025-05-21T08:31:49","guid":{"rendered":"http:\/\/45.63.70.205\/?post_type=product&#038;p=29925"},"modified":"2025-06-20T02:25:30","modified_gmt":"2025-06-20T10:25:30","slug":"wholesale-custom-elegant-green-pu-leather-notebook-with-pen-holder","status":"publish","type":"product","link":"http:\/\/shinyyoustationery.com\/pl\/wholesale-custom-elegant-green-pu-leather-notebook-with-pen-holder\/","title":{"rendered":"Hurtownia niestandardowych eleganckich zielonych notatnik\u00f3w ze sk\u00f3ry PU z uchwytem na d\u0142ugopis"},"content":{"rendered":"","protected":false},"excerpt":{"rendered":"<p>Ten wyrafinowany zielony notatnik ze sk\u00f3ry PU emanuje zar\u00f3wno stylem, jak i funkcjonalno\u015bci\u0105. Zaprojektowany z eleganckim wygl\u0105dem zewn\u0119trznym, posiada wbudowany uchwyt na pi\u00f3ro, dzi\u0119ki czemu ulubiony przyrz\u0105d do pisania jest w zasi\u0119gu r\u0119ki. Wysokiej jako\u015bci materia\u0142, z kt\u00f3rego wykonano notatnik, zwi\u0119ksza jego trwa\u0142o\u015b\u0107, czyni\u0105c go doskona\u0142ym wyborem do u\u017cytku profesjonalnego lub osobistego. Dzi\u0119ki czystemu i dopracowanemu wzornictwu idealnie nadaje si\u0119 do prowadzenia dziennika, robienia notatek lub jako przemy\u015blany prezent.<\/p>","protected":false},"featured_media":32957,"template":"","meta":[],"product_brand":[],"product_cat":[387,494,681],"product_tag":[],"class_list":{"0":"post-29925","1":"product","2":"type-product","3":"status-publish","4":"has-post-thumbnail","6":"product_cat-notebooks-journals","7":"product_cat-composition-notebook","8":"product_cat-green-collection","10":"first","11":"instock","12":"shipping-taxable","13":"product-type-simple"},"_links":{"self":[{"href":"http:\/\/shinyyoustationery.com\/pl\/wp-json\/wp\/v2\/product\/29925","targetHints":{"allow":["GET"]}}],"collection":[{"href":"http:\/\/shinyyoustationery.com\/pl\/wp-json\/wp\/v2\/product"}],"about":[{"href":"http:\/\/shinyyoustationery.com\/pl\/wp-json\/wp\/v2\/types\/product"}],"version-history":[{"count":0,"href":"http:\/\/shinyyoustationery.com\/pl\/wp-json\/wp\/v2\/product\/29925\/revisions"}],"wp:featuredmedia":[{"embeddable":true,"href":"http:\/\/shinyyoustationery.com\/pl\/wp-json\/wp\/v2\/media\/32957"}],"wp:attachment":[{"href":"http:\/\/shinyyoustationery.com\/pl\/wp-json\/wp\/v2\/media?parent=29925"}],"wp:term":[{"taxonomy":"product_brand","embeddable":true,"href":"http:\/\/shinyyoustationery.com\/pl\/wp-json\/wp\/v2\/product_brand?post=29925"},{"taxonomy":"product_cat","embeddable":true,"href":"http:\/\/shinyyoustationery.com\/pl\/wp-json\/wp\/v2\/product_cat?post=29925"},{"taxonomy":"product_tag","embeddable":true,"href":"http:\/\/shinyyoustationery.com\/pl\/wp-json\/wp\/v2\/product_tag?post=29925"}],"curies":[{"name":"wp","href":"https:\/\/api.w.org\/{rel}","templated":true}]}}