{"id":29935,"date":"2025-05-21T00:36:12","date_gmt":"2025-05-21T08:36:12","guid":{"rendered":"http:\/\/45.63.70.205\/?post_type=product&#038;p=29935"},"modified":"2025-06-24T01:20:19","modified_gmt":"2025-06-24T09:20:19","slug":"wholesale-custom-hardcover-notebook-stylish-and-durable-journal-for-creative-minds","status":"publish","type":"product","link":"http:\/\/shinyyoustationery.com\/pl\/wholesale-custom-hardcover-notebook-stylish-and-durable-journal-for-creative-minds\/","title":{"rendered":"Hurtowy notatnik w twardej oprawie - stylowy i trwa\u0142y dziennik dla kreatywnych umys\u0142\u00f3w"},"content":{"rendered":"","protected":false},"excerpt":{"rendered":"<p>Ten notatnik A5 w twardej oprawie z PU, charakteryzuj\u0105cy si\u0119 nowoczesnym dwukolorowym wzornictwem i wyt\u0142oczonym napisem \"DREAM\", jest idealny do zapisywania pomys\u0142\u00f3w, marze\u0144 i plan\u00f3w. Idealny dla student\u00f3w, profesjonalist\u00f3w lub ka\u017cdego, kto chce prowadzi\u0107 kreatywny dziennik, ten notatnik oferuje zar\u00f3wno trwa\u0142o\u015b\u0107, jak i styl w kompaktowym formacie. Idealny do robienia notatek, szkicowania lub jako przemy\u015blany prezent dla marzycieli w twoim \u017cyciu.<\/p>","protected":false},"featured_media":33318,"template":"","meta":[],"product_brand":[],"product_cat":[387,494,667,683],"product_tag":[],"class_list":{"0":"post-29935","1":"product","2":"type-product","3":"status-publish","4":"has-post-thumbnail","6":"product_cat-notebooks-journals","7":"product_cat-composition-notebook","8":"product_cat-hardcover-notebook","9":"product_cat-eco-friendly-collection","11":"first","12":"instock","13":"shipping-taxable","14":"product-type-simple"},"_links":{"self":[{"href":"http:\/\/shinyyoustationery.com\/pl\/wp-json\/wp\/v2\/product\/29935","targetHints":{"allow":["GET"]}}],"collection":[{"href":"http:\/\/shinyyoustationery.com\/pl\/wp-json\/wp\/v2\/product"}],"about":[{"href":"http:\/\/shinyyoustationery.com\/pl\/wp-json\/wp\/v2\/types\/product"}],"version-history":[{"count":0,"href":"http:\/\/shinyyoustationery.com\/pl\/wp-json\/wp\/v2\/product\/29935\/revisions"}],"wp:featuredmedia":[{"embeddable":true,"href":"http:\/\/shinyyoustationery.com\/pl\/wp-json\/wp\/v2\/media\/33318"}],"wp:attachment":[{"href":"http:\/\/shinyyoustationery.com\/pl\/wp-json\/wp\/v2\/media?parent=29935"}],"wp:term":[{"taxonomy":"product_brand","embeddable":true,"href":"http:\/\/shinyyoustationery.com\/pl\/wp-json\/wp\/v2\/product_brand?post=29935"},{"taxonomy":"product_cat","embeddable":true,"href":"http:\/\/shinyyoustationery.com\/pl\/wp-json\/wp\/v2\/product_cat?post=29935"},{"taxonomy":"product_tag","embeddable":true,"href":"http:\/\/shinyyoustationery.com\/pl\/wp-json\/wp\/v2\/product_tag?post=29935"}],"curies":[{"name":"wp","href":"https:\/\/api.w.org\/{rel}","templated":true}]}}