{"id":29950,"date":"2025-05-21T00:52:57","date_gmt":"2025-05-21T08:52:57","guid":{"rendered":"http:\/\/45.63.70.205\/?post_type=product&#038;p=29950"},"modified":"2025-06-23T00:51:11","modified_gmt":"2025-06-23T08:51:11","slug":"wholesale-custom-shimmering-green-a5-notebook-with-iridescent-stripes","status":"publish","type":"product","link":"http:\/\/shinyyoustationery.com\/pl\/wholesale-custom-shimmering-green-a5-notebook-with-iridescent-stripes\/","title":{"rendered":"Hurtownia niestandardowych mieni\u0105cych si\u0119 zielonych notatnik\u00f3w A5 z opalizuj\u0105cymi paskami"},"content":{"rendered":"","protected":false},"excerpt":{"rendered":"<p>Ten przyci\u0105gaj\u0105cy wzrok notatnik A5 ma \u017cywy zielony kolor z mieni\u0105cymi si\u0119 opalizuj\u0105cymi paskami, kt\u00f3re pi\u0119knie \u0142api\u0105 \u015bwiat\u0142o. Jego elegancki, nowoczesny design sprawia, \u017ce jest to idealny wyb\u00f3r dla ka\u017cdego, kto szuka stylowego i wyj\u0105tkowego notatnika. Idealny do prowadzenia dziennika, robienia notatek lub szkicowania, notatnik ten \u0142\u0105czy w sobie praktyczno\u015b\u0107 z zabawn\u0105, odblaskow\u0105 estetyk\u0105. G\u0142adka tekstura i kompaktowy rozmiar sprawiaj\u0105, \u017ce idealnie nadaje si\u0119 zar\u00f3wno do pracy, jak i do u\u017cytku osobistego.<\/p>","protected":false},"featured_media":33114,"template":"","meta":[],"product_brand":[],"product_cat":[387,494],"product_tag":[],"class_list":{"0":"post-29950","1":"product","2":"type-product","3":"status-publish","4":"has-post-thumbnail","6":"product_cat-notebooks-journals","7":"product_cat-composition-notebook","9":"first","10":"instock","11":"featured","12":"shipping-taxable","13":"product-type-simple"},"_links":{"self":[{"href":"http:\/\/shinyyoustationery.com\/pl\/wp-json\/wp\/v2\/product\/29950","targetHints":{"allow":["GET"]}}],"collection":[{"href":"http:\/\/shinyyoustationery.com\/pl\/wp-json\/wp\/v2\/product"}],"about":[{"href":"http:\/\/shinyyoustationery.com\/pl\/wp-json\/wp\/v2\/types\/product"}],"version-history":[{"count":0,"href":"http:\/\/shinyyoustationery.com\/pl\/wp-json\/wp\/v2\/product\/29950\/revisions"}],"wp:featuredmedia":[{"embeddable":true,"href":"http:\/\/shinyyoustationery.com\/pl\/wp-json\/wp\/v2\/media\/33114"}],"wp:attachment":[{"href":"http:\/\/shinyyoustationery.com\/pl\/wp-json\/wp\/v2\/media?parent=29950"}],"wp:term":[{"taxonomy":"product_brand","embeddable":true,"href":"http:\/\/shinyyoustationery.com\/pl\/wp-json\/wp\/v2\/product_brand?post=29950"},{"taxonomy":"product_cat","embeddable":true,"href":"http:\/\/shinyyoustationery.com\/pl\/wp-json\/wp\/v2\/product_cat?post=29950"},{"taxonomy":"product_tag","embeddable":true,"href":"http:\/\/shinyyoustationery.com\/pl\/wp-json\/wp\/v2\/product_tag?post=29950"}],"curies":[{"name":"wp","href":"https:\/\/api.w.org\/{rel}","templated":true}]}}