{"id":29968,"date":"2025-05-21T01:11:38","date_gmt":"2025-05-21T09:11:38","guid":{"rendered":"http:\/\/45.63.70.205\/?post_type=product&#038;p=29968"},"modified":"2025-06-23T01:32:13","modified_gmt":"2025-06-23T09:32:13","slug":"wholesale-custom-daily-to-do-list-schedule-notepad-with-citrus-print","status":"publish","type":"product","link":"http:\/\/shinyyoustationery.com\/pl\/wholesale-custom-daily-to-do-list-schedule-notepad-with-citrus-print\/","title":{"rendered":"Hurtowa niestandardowa codzienna lista rzeczy do zrobienia i terminarz Notatnik z nadrukiem cytrusowym"},"content":{"rendered":"","protected":false},"excerpt":{"rendered":"<p>Rozja\u015bnij swoj\u0105 produktywno\u015b\u0107 dzi\u0119ki temu \u017cywemu planerowi dziennemu z motywem cytrus\u00f3w! Wyposa\u017cony w sekcje na list\u0119 rzeczy do zrobienia, harmonogram godzinowy (od 7:00 do 21:00) i szybkie notatki, ten notatnik A5 pozwala uporz\u0105dkowa\u0107 dzie\u0144 w zabawny i orze\u017awiaj\u0105cy spos\u00f3b. Weso\u0142e \u017c\u00f3\u0142to-niebieskie t\u0142o dodaje odrobin\u0119 koloru na biurku, dzi\u0119ki czemu planowanie dnia jest \u015bwie\u017ce i energetyzuj\u0105ce. Idealny do u\u017cytku domowego, biurowego lub szkolnego.<\/p>","protected":false},"featured_media":33124,"template":"","meta":[],"product_brand":[],"product_cat":[669,682],"product_tag":[],"class_list":{"0":"post-29968","1":"product","2":"type-product","3":"status-publish","4":"has-post-thumbnail","6":"product_cat-planners","7":"product_cat-lemon-collection","9":"first","10":"instock","11":"shipping-taxable","12":"product-type-simple"},"_links":{"self":[{"href":"http:\/\/shinyyoustationery.com\/pl\/wp-json\/wp\/v2\/product\/29968","targetHints":{"allow":["GET"]}}],"collection":[{"href":"http:\/\/shinyyoustationery.com\/pl\/wp-json\/wp\/v2\/product"}],"about":[{"href":"http:\/\/shinyyoustationery.com\/pl\/wp-json\/wp\/v2\/types\/product"}],"version-history":[{"count":0,"href":"http:\/\/shinyyoustationery.com\/pl\/wp-json\/wp\/v2\/product\/29968\/revisions"}],"wp:featuredmedia":[{"embeddable":true,"href":"http:\/\/shinyyoustationery.com\/pl\/wp-json\/wp\/v2\/media\/33124"}],"wp:attachment":[{"href":"http:\/\/shinyyoustationery.com\/pl\/wp-json\/wp\/v2\/media?parent=29968"}],"wp:term":[{"taxonomy":"product_brand","embeddable":true,"href":"http:\/\/shinyyoustationery.com\/pl\/wp-json\/wp\/v2\/product_brand?post=29968"},{"taxonomy":"product_cat","embeddable":true,"href":"http:\/\/shinyyoustationery.com\/pl\/wp-json\/wp\/v2\/product_cat?post=29968"},{"taxonomy":"product_tag","embeddable":true,"href":"http:\/\/shinyyoustationery.com\/pl\/wp-json\/wp\/v2\/product_tag?post=29968"}],"curies":[{"name":"wp","href":"https:\/\/api.w.org\/{rel}","templated":true}]}}