{"id":29977,"date":"2025-05-21T01:23:40","date_gmt":"2025-05-21T09:23:40","guid":{"rendered":"http:\/\/45.63.70.205\/?post_type=product&#038;p=29977"},"modified":"2025-06-24T00:53:19","modified_gmt":"2025-06-24T08:53:19","slug":"wholesale-custom-a5-reusable-notebook-made-from-recycled-pet","status":"publish","type":"product","link":"http:\/\/shinyyoustationery.com\/pl\/wholesale-custom-a5-reusable-notebook-made-from-recycled-pet\/","title":{"rendered":"Niestandardowy notatnik wielokrotnego u\u017cytku A5 - wykonany z PET z recyklingu"},"content":{"rendered":"","protected":false},"excerpt":{"rendered":"<p>Postaw na ekologi\u0119 dzi\u0119ki temu niebieskiemu notatnikowi A5 z dumnym napisem \"I'm your Reusable Notebook!\". Wykonany z w\u0142\u00f3kna PET, ten przyjazny dla \u015brodowiska notatnik jest przeznaczony do wielokrotnego u\u017cytku, zmniejszaj\u0105c ilo\u015b\u0107 odpad\u00f3w papierowych, a jednocze\u015bnie zapewniaj\u0105c przejrzysto\u015b\u0107 i porz\u0105dek notatek. Idealny dla student\u00f3w, profesjonalist\u00f3w i wszystkich os\u00f3b zaanga\u017cowanych w zr\u00f3wnowa\u017cony rozw\u00f3j bez po\u015bwi\u0119cania stylu.<\/p>","protected":false},"featured_media":33315,"template":"","meta":[],"product_brand":[],"product_cat":[387,493,683],"product_tag":[],"class_list":{"0":"post-29977","1":"product","2":"type-product","3":"status-publish","4":"has-post-thumbnail","6":"product_cat-notebooks-journals","7":"product_cat-spiral-notebook","8":"product_cat-eco-friendly-collection","10":"first","11":"instock","12":"shipping-taxable","13":"product-type-simple"},"_links":{"self":[{"href":"http:\/\/shinyyoustationery.com\/pl\/wp-json\/wp\/v2\/product\/29977","targetHints":{"allow":["GET"]}}],"collection":[{"href":"http:\/\/shinyyoustationery.com\/pl\/wp-json\/wp\/v2\/product"}],"about":[{"href":"http:\/\/shinyyoustationery.com\/pl\/wp-json\/wp\/v2\/types\/product"}],"version-history":[{"count":0,"href":"http:\/\/shinyyoustationery.com\/pl\/wp-json\/wp\/v2\/product\/29977\/revisions"}],"wp:featuredmedia":[{"embeddable":true,"href":"http:\/\/shinyyoustationery.com\/pl\/wp-json\/wp\/v2\/media\/33315"}],"wp:attachment":[{"href":"http:\/\/shinyyoustationery.com\/pl\/wp-json\/wp\/v2\/media?parent=29977"}],"wp:term":[{"taxonomy":"product_brand","embeddable":true,"href":"http:\/\/shinyyoustationery.com\/pl\/wp-json\/wp\/v2\/product_brand?post=29977"},{"taxonomy":"product_cat","embeddable":true,"href":"http:\/\/shinyyoustationery.com\/pl\/wp-json\/wp\/v2\/product_cat?post=29977"},{"taxonomy":"product_tag","embeddable":true,"href":"http:\/\/shinyyoustationery.com\/pl\/wp-json\/wp\/v2\/product_tag?post=29977"}],"curies":[{"name":"wp","href":"https:\/\/api.w.org\/{rel}","templated":true}]}}