{"id":29980,"date":"2025-05-21T01:28:54","date_gmt":"2025-05-21T09:28:54","guid":{"rendered":"http:\/\/45.63.70.205\/?post_type=product&#038;p=29980"},"modified":"2025-06-24T00:59:19","modified_gmt":"2025-06-24T08:59:19","slug":"wholesale-custom-a5-notebook-made-from-recycled-bottles-rainbow-stripe-design","status":"publish","type":"product","link":"http:\/\/shinyyoustationery.com\/pl\/wholesale-custom-a5-notebook-made-from-recycled-bottles-rainbow-stripe-design\/","title":{"rendered":"Hurtowy notatnik A5 - wykonany z butelek z recyklingu, wz\u00f3r w t\u0119czowe paski"},"content":{"rendered":"","protected":false},"excerpt":{"rendered":"<p>Rozja\u015bnij sw\u00f3j dzie\u0144, pomagaj\u0105c jednocze\u015bnie naszej planecie dzi\u0119ki temu notesowi spiralowanemu A5 wykonanemu z plastikowych butelek pochodz\u0105cych z recyklingu. Wyposa\u017cony w weso\u0142e pastelowe paski w kolorze zielonym, niebieskim, fioletowym, r\u00f3\u017cowym i koralowym, jest r\u00f3wnie stylowy, co ekologiczny. Lekki i wytrzyma\u0142y, jest idealny do szko\u0142y, pracy lub prowadzenia dziennika w podr\u00f3\u017cy. Kolorowy spos\u00f3b na ekologiczn\u0105 i uporz\u0105dkowan\u0105 organizacj\u0119!<\/p>","protected":false},"featured_media":33317,"template":"","meta":[],"product_brand":[],"product_cat":[387,493,667,683],"product_tag":[],"class_list":{"0":"post-29980","1":"product","2":"type-product","3":"status-publish","4":"has-post-thumbnail","6":"product_cat-notebooks-journals","7":"product_cat-spiral-notebook","8":"product_cat-hardcover-notebook","9":"product_cat-eco-friendly-collection","11":"first","12":"instock","13":"shipping-taxable","14":"product-type-simple"},"_links":{"self":[{"href":"http:\/\/shinyyoustationery.com\/pl\/wp-json\/wp\/v2\/product\/29980","targetHints":{"allow":["GET"]}}],"collection":[{"href":"http:\/\/shinyyoustationery.com\/pl\/wp-json\/wp\/v2\/product"}],"about":[{"href":"http:\/\/shinyyoustationery.com\/pl\/wp-json\/wp\/v2\/types\/product"}],"version-history":[{"count":0,"href":"http:\/\/shinyyoustationery.com\/pl\/wp-json\/wp\/v2\/product\/29980\/revisions"}],"wp:featuredmedia":[{"embeddable":true,"href":"http:\/\/shinyyoustationery.com\/pl\/wp-json\/wp\/v2\/media\/33317"}],"wp:attachment":[{"href":"http:\/\/shinyyoustationery.com\/pl\/wp-json\/wp\/v2\/media?parent=29980"}],"wp:term":[{"taxonomy":"product_brand","embeddable":true,"href":"http:\/\/shinyyoustationery.com\/pl\/wp-json\/wp\/v2\/product_brand?post=29980"},{"taxonomy":"product_cat","embeddable":true,"href":"http:\/\/shinyyoustationery.com\/pl\/wp-json\/wp\/v2\/product_cat?post=29980"},{"taxonomy":"product_tag","embeddable":true,"href":"http:\/\/shinyyoustationery.com\/pl\/wp-json\/wp\/v2\/product_tag?post=29980"}],"curies":[{"name":"wp","href":"https:\/\/api.w.org\/{rel}","templated":true}]}}