{"id":29985,"date":"2025-05-21T01:39:40","date_gmt":"2025-05-21T09:39:40","guid":{"rendered":"http:\/\/45.63.70.205\/?post_type=product&#038;p=29985"},"modified":"2025-06-20T03:05:55","modified_gmt":"2025-06-20T11:05:55","slug":"wholesale-custom-green-gold-washi-tape-set-4-rolls","status":"publish","type":"product","link":"http:\/\/shinyyoustationery.com\/pl\/wholesale-custom-green-gold-washi-tape-set-4-rolls\/","title":{"rendered":"Hurtowy niestandardowy zielono-z\u0142oty zestaw ta\u015bm Washi - 4 rolki"},"content":{"rendered":"","protected":false},"excerpt":{"rendered":"<p>Dodaj elegancji swoim r\u0119kodzie\u0142om dzi\u0119ki temu pi\u0119knemu zestawowi ta\u015bm washi w bogatych odcieniach zieleni i z\u0142ota. Zestaw zawiera mieszank\u0119 matowych, metalicznych i brokatowych wyko\u0144cze\u0144, idealnych do journalingu, scrapbookingu, pakowania prezent\u00f3w i dekoracji DIY. Umieszczony w kwiecistym pude\u0142ku kraft, zestaw ten b\u0119dzie uroczym prezentem lub stylowym dodatkiem do kolekcji papeterii.<\/p>","protected":false},"featured_media":32978,"template":"","meta":[],"product_brand":[],"product_cat":[443,681],"product_tag":[],"class_list":{"0":"post-29985","1":"product","2":"type-product","3":"status-publish","4":"has-post-thumbnail","6":"product_cat-tape","7":"product_cat-green-collection","9":"first","10":"instock","11":"shipping-taxable","12":"product-type-simple"},"_links":{"self":[{"href":"http:\/\/shinyyoustationery.com\/pl\/wp-json\/wp\/v2\/product\/29985","targetHints":{"allow":["GET"]}}],"collection":[{"href":"http:\/\/shinyyoustationery.com\/pl\/wp-json\/wp\/v2\/product"}],"about":[{"href":"http:\/\/shinyyoustationery.com\/pl\/wp-json\/wp\/v2\/types\/product"}],"version-history":[{"count":0,"href":"http:\/\/shinyyoustationery.com\/pl\/wp-json\/wp\/v2\/product\/29985\/revisions"}],"wp:featuredmedia":[{"embeddable":true,"href":"http:\/\/shinyyoustationery.com\/pl\/wp-json\/wp\/v2\/media\/32978"}],"wp:attachment":[{"href":"http:\/\/shinyyoustationery.com\/pl\/wp-json\/wp\/v2\/media?parent=29985"}],"wp:term":[{"taxonomy":"product_brand","embeddable":true,"href":"http:\/\/shinyyoustationery.com\/pl\/wp-json\/wp\/v2\/product_brand?post=29985"},{"taxonomy":"product_cat","embeddable":true,"href":"http:\/\/shinyyoustationery.com\/pl\/wp-json\/wp\/v2\/product_cat?post=29985"},{"taxonomy":"product_tag","embeddable":true,"href":"http:\/\/shinyyoustationery.com\/pl\/wp-json\/wp\/v2\/product_tag?post=29985"}],"curies":[{"name":"wp","href":"https:\/\/api.w.org\/{rel}","templated":true}]}}