{"id":29990,"date":"2025-05-21T01:50:47","date_gmt":"2025-05-21T09:50:47","guid":{"rendered":"http:\/\/45.63.70.205\/?post_type=product&#038;p=29990"},"modified":"2025-05-21T01:51:44","modified_gmt":"2025-05-21T09:51:44","slug":"wildflower-inspired-nature-sticker-set","status":"publish","type":"product","link":"http:\/\/shinyyoustationery.com\/pl\/wildflower-inspired-nature-sticker-set\/","title":{"rendered":"Zestaw naklejek Nature inspirowanych dzikimi kwiatami"},"content":{"rendered":"","protected":false},"excerpt":{"rendered":"<p>Ten uroczy zestaw naklejek na 3 arkuszach zawiera pi\u0119kn\u0105 mieszank\u0119 kwiat\u00f3w, ptak\u00f3w, serc i podnosz\u0105cych na duchu cytat\u00f3w w delikatnych odcieniach ziemi i metalicznych z\u0142otych akcentach. Idealne do journalingu, tworzenia kartek, scrapbookingu lub ozdabiania plannera. Z przes\u0142aniami takimi jak \"niech twoje marzenia rozkwitn\u0105\" i \"nale\u017cysz do dzikich kwiat\u00f3w\", naklejki te wprowadzaj\u0105 ciep\u0142y, kochaj\u0105cy natur\u0119 akcent do ka\u017cdego kreatywnego projektu.<\/p>","protected":false},"featured_media":29991,"template":"","meta":[],"product_brand":[],"product_cat":[380,660],"product_tag":[],"class_list":{"0":"post-29990","1":"product","2":"type-product","3":"status-publish","4":"has-post-thumbnail","6":"product_cat-school-stationery","7":"product_cat-sticker","9":"first","10":"instock","11":"shipping-taxable","12":"product-type-simple"},"_links":{"self":[{"href":"http:\/\/shinyyoustationery.com\/pl\/wp-json\/wp\/v2\/product\/29990","targetHints":{"allow":["GET"]}}],"collection":[{"href":"http:\/\/shinyyoustationery.com\/pl\/wp-json\/wp\/v2\/product"}],"about":[{"href":"http:\/\/shinyyoustationery.com\/pl\/wp-json\/wp\/v2\/types\/product"}],"version-history":[{"count":0,"href":"http:\/\/shinyyoustationery.com\/pl\/wp-json\/wp\/v2\/product\/29990\/revisions"}],"wp:featuredmedia":[{"embeddable":true,"href":"http:\/\/shinyyoustationery.com\/pl\/wp-json\/wp\/v2\/media\/29991"}],"wp:attachment":[{"href":"http:\/\/shinyyoustationery.com\/pl\/wp-json\/wp\/v2\/media?parent=29990"}],"wp:term":[{"taxonomy":"product_brand","embeddable":true,"href":"http:\/\/shinyyoustationery.com\/pl\/wp-json\/wp\/v2\/product_brand?post=29990"},{"taxonomy":"product_cat","embeddable":true,"href":"http:\/\/shinyyoustationery.com\/pl\/wp-json\/wp\/v2\/product_cat?post=29990"},{"taxonomy":"product_tag","embeddable":true,"href":"http:\/\/shinyyoustationery.com\/pl\/wp-json\/wp\/v2\/product_tag?post=29990"}],"curies":[{"name":"wp","href":"https:\/\/api.w.org\/{rel}","templated":true}]}}