{"id":30005,"date":"2025-05-21T02:00:00","date_gmt":"2025-05-21T10:00:00","guid":{"rendered":"http:\/\/45.63.70.205\/?post_type=product&#038;p=30005"},"modified":"2025-06-22T19:12:54","modified_gmt":"2025-06-23T03:12:54","slug":"wholesale-custom-mini-sticky-note-set","status":"publish","type":"product","link":"http:\/\/shinyyoustationery.com\/pl\/wholesale-custom-mini-sticky-note-set\/","title":{"rendered":"Hurtowy niestandardowy zestaw mini karteczek samoprzylepnych"},"content":{"rendered":"","protected":false},"excerpt":{"rendered":"<p>Ten kompaktowy i kolorowy zestaw notatnik\u00f3w ma \u015bwie\u017c\u0105 zielon\u0105 ok\u0142adk\u0119 z minimalistycznym kwiatowym wzorem. Wewn\u0105trz znajduj\u0105 si\u0119 r\u00f3\u017cne karteczki samoprzylepne w r\u00f3\u017cnych kszta\u0142tach i wzorach - idealne do szybkich przypomnie\u0144, zak\u0142adek i porz\u0105dkowania my\u015bli. Dzi\u0119ki mieszance kwiat\u00f3w, linii i ziemistych odcieni, jest idealny zar\u00f3wno dla student\u00f3w, planist\u00f3w, jak i mi\u0142o\u015bnik\u00f3w artyku\u0142\u00f3w pi\u015bmiennych. Wystarczaj\u0105co ma\u0142y, aby zmie\u015bci\u0107 si\u0119 w ka\u017cdej torbie lub kieszeni na notebooka!<\/p>","protected":false},"featured_media":33015,"template":"","meta":[],"product_brand":[],"product_cat":[385,681],"product_tag":[],"class_list":{"0":"post-30005","1":"product","2":"type-product","3":"status-publish","4":"has-post-thumbnail","6":"product_cat-sticky-note","7":"product_cat-green-collection","9":"first","10":"instock","11":"shipping-taxable","12":"product-type-simple"},"_links":{"self":[{"href":"http:\/\/shinyyoustationery.com\/pl\/wp-json\/wp\/v2\/product\/30005","targetHints":{"allow":["GET"]}}],"collection":[{"href":"http:\/\/shinyyoustationery.com\/pl\/wp-json\/wp\/v2\/product"}],"about":[{"href":"http:\/\/shinyyoustationery.com\/pl\/wp-json\/wp\/v2\/types\/product"}],"version-history":[{"count":0,"href":"http:\/\/shinyyoustationery.com\/pl\/wp-json\/wp\/v2\/product\/30005\/revisions"}],"wp:featuredmedia":[{"embeddable":true,"href":"http:\/\/shinyyoustationery.com\/pl\/wp-json\/wp\/v2\/media\/33015"}],"wp:attachment":[{"href":"http:\/\/shinyyoustationery.com\/pl\/wp-json\/wp\/v2\/media?parent=30005"}],"wp:term":[{"taxonomy":"product_brand","embeddable":true,"href":"http:\/\/shinyyoustationery.com\/pl\/wp-json\/wp\/v2\/product_brand?post=30005"},{"taxonomy":"product_cat","embeddable":true,"href":"http:\/\/shinyyoustationery.com\/pl\/wp-json\/wp\/v2\/product_cat?post=30005"},{"taxonomy":"product_tag","embeddable":true,"href":"http:\/\/shinyyoustationery.com\/pl\/wp-json\/wp\/v2\/product_tag?post=30005"}],"curies":[{"name":"wp","href":"https:\/\/api.w.org\/{rel}","templated":true}]}}