{"id":30013,"date":"2025-05-21T02:07:41","date_gmt":"2025-05-21T10:07:41","guid":{"rendered":"http:\/\/45.63.70.205\/?post_type=product&#038;p=30013"},"modified":"2025-07-14T00:48:06","modified_gmt":"2025-07-14T08:48:06","slug":"wholesale-custom-lemon-themed-sticky-note-storage-box-set","status":"publish","type":"product","link":"http:\/\/shinyyoustationery.com\/pl\/wholesale-custom-lemon-themed-sticky-note-storage-box-set\/","title":{"rendered":"Hurtowy zestaw pude\u0142ek do przechowywania karteczek samoprzylepnych z motywem cytryny"},"content":{"rendered":"","protected":false},"excerpt":{"rendered":"<p>Rozja\u015bnij swoje biurko tym zabawnym pude\u0142kiem na karteczki samoprzylepne z motywem cytryny! Zaprojektowany w weso\u0142ych odcieniach \u017c\u00f3\u0142tego i niebieskiego, rozk\u0142adany organizer zawiera r\u00f3\u017cne karteczki samoprzylepne i flagi w r\u00f3\u017cnych rozmiarach i odcieniach. Idealny do szybkich przypomnie\u0144, organizowania planer\u00f3w lub dodawania odrobiny zabawy do miejsca pracy. Kompaktowy, kolorowy i funkcjonalny - jak \u015bwie\u017cy wycisk cytryny na ca\u0142y dzie\u0144!<\/p>","protected":false},"featured_media":33109,"template":"","meta":[],"product_brand":[],"product_cat":[385,402,427,516,675,682],"product_tag":[],"class_list":{"0":"post-30013","1":"product","2":"type-product","3":"status-publish","4":"has-post-thumbnail","6":"product_cat-sticky-note","7":"product_cat-desk-organizer-accessories","8":"product_cat-desk-organizer","9":"product_cat-storage-bin-box","10":"product_cat-school-desk-organizer","11":"product_cat-lemon-collection","13":"first","14":"instock","15":"shipping-taxable","16":"product-type-simple"},"_links":{"self":[{"href":"http:\/\/shinyyoustationery.com\/pl\/wp-json\/wp\/v2\/product\/30013","targetHints":{"allow":["GET"]}}],"collection":[{"href":"http:\/\/shinyyoustationery.com\/pl\/wp-json\/wp\/v2\/product"}],"about":[{"href":"http:\/\/shinyyoustationery.com\/pl\/wp-json\/wp\/v2\/types\/product"}],"version-history":[{"count":0,"href":"http:\/\/shinyyoustationery.com\/pl\/wp-json\/wp\/v2\/product\/30013\/revisions"}],"wp:featuredmedia":[{"embeddable":true,"href":"http:\/\/shinyyoustationery.com\/pl\/wp-json\/wp\/v2\/media\/33109"}],"wp:attachment":[{"href":"http:\/\/shinyyoustationery.com\/pl\/wp-json\/wp\/v2\/media?parent=30013"}],"wp:term":[{"taxonomy":"product_brand","embeddable":true,"href":"http:\/\/shinyyoustationery.com\/pl\/wp-json\/wp\/v2\/product_brand?post=30013"},{"taxonomy":"product_cat","embeddable":true,"href":"http:\/\/shinyyoustationery.com\/pl\/wp-json\/wp\/v2\/product_cat?post=30013"},{"taxonomy":"product_tag","embeddable":true,"href":"http:\/\/shinyyoustationery.com\/pl\/wp-json\/wp\/v2\/product_tag?post=30013"}],"curies":[{"name":"wp","href":"https:\/\/api.w.org\/{rel}","templated":true}]}}