{"id":30021,"date":"2025-05-21T03:14:47","date_gmt":"2025-05-21T11:14:47","guid":{"rendered":"http:\/\/45.63.70.205\/?post_type=product&#038;p=30021"},"modified":"2025-05-21T03:14:47","modified_gmt":"2025-05-21T11:14:47","slug":"wholesale-custom-lavender-pencil-case-with-white-leaf-print","status":"publish","type":"product","link":"http:\/\/shinyyoustationery.com\/pl\/wholesale-custom-lavender-pencil-case-with-white-leaf-print\/","title":{"rendered":"Hurtowy niestandardowy pi\u00f3rnik lawendowy z nadrukiem bia\u0142ych li\u015bci"},"content":{"rendered":"","protected":false},"excerpt":{"rendered":"<p>Dodaj delikatny i stylowy akcent do swojej kolekcji artyku\u0142\u00f3w pi\u015bmiennych dzi\u0119ki temu lawendowemu pi\u00f3rnikowi. Wyposa\u017cony w delikatny wz\u00f3r bia\u0142ych li\u015bci i g\u0142adkie zamkni\u0119cie na suwak, jest idealny do przechowywania d\u0142ugopis\u00f3w, o\u0142\u00f3wk\u00f3w i drobnych akcesori\u00f3w. Kompaktowe, ale pojemne etui pozwala uporz\u0105dkowa\u0107 niezb\u0119dne przybory, niezale\u017cnie od tego, czy jeste\u015b w szkole, pracy, czy w podr\u00f3\u017cy.<\/p>","protected":false},"featured_media":30023,"template":"","meta":[],"product_brand":[],"product_cat":[404,520],"product_tag":[],"class_list":{"0":"post-30021","1":"product","2":"type-product","3":"status-publish","4":"has-post-thumbnail","6":"product_cat-bags-cases","7":"product_cat-pencil-case-pouch","9":"first","10":"instock","11":"shipping-taxable","12":"product-type-simple"},"_links":{"self":[{"href":"http:\/\/shinyyoustationery.com\/pl\/wp-json\/wp\/v2\/product\/30021","targetHints":{"allow":["GET"]}}],"collection":[{"href":"http:\/\/shinyyoustationery.com\/pl\/wp-json\/wp\/v2\/product"}],"about":[{"href":"http:\/\/shinyyoustationery.com\/pl\/wp-json\/wp\/v2\/types\/product"}],"version-history":[{"count":0,"href":"http:\/\/shinyyoustationery.com\/pl\/wp-json\/wp\/v2\/product\/30021\/revisions"}],"wp:featuredmedia":[{"embeddable":true,"href":"http:\/\/shinyyoustationery.com\/pl\/wp-json\/wp\/v2\/media\/30023"}],"wp:attachment":[{"href":"http:\/\/shinyyoustationery.com\/pl\/wp-json\/wp\/v2\/media?parent=30021"}],"wp:term":[{"taxonomy":"product_brand","embeddable":true,"href":"http:\/\/shinyyoustationery.com\/pl\/wp-json\/wp\/v2\/product_brand?post=30021"},{"taxonomy":"product_cat","embeddable":true,"href":"http:\/\/shinyyoustationery.com\/pl\/wp-json\/wp\/v2\/product_cat?post=30021"},{"taxonomy":"product_tag","embeddable":true,"href":"http:\/\/shinyyoustationery.com\/pl\/wp-json\/wp\/v2\/product_tag?post=30021"}],"curies":[{"name":"wp","href":"https:\/\/api.w.org\/{rel}","templated":true}]}}