{"id":30034,"date":"2025-05-21T03:54:30","date_gmt":"2025-05-21T11:54:30","guid":{"rendered":"http:\/\/45.63.70.205\/?post_type=product&#038;p=30034"},"modified":"2025-07-07T10:57:21","modified_gmt":"2025-07-07T02:57:21","slug":"wholesale-custom-lemon-spiral-notebook-with-zipper-pouch-accessories","status":"publish","type":"product","link":"http:\/\/shinyyoustationery.com\/pl\/wholesale-custom-lemon-spiral-notebook-with-zipper-pouch-accessories\/","title":{"rendered":"Hurtownia niestandardowych notatnik\u00f3w spiralnych Lemon z etui na zamek b\u0142yskawiczny i akcesoriami"},"content":{"rendered":"","protected":false},"excerpt":{"rendered":"<p>Zachowaj jasno\u015b\u0107 i porz\u0105dek dzi\u0119ki temu zabawnemu notesowi spiralnemu z cytrynowym wzorem! Jest on wyposa\u017cony we wbudowan\u0105 przezroczyst\u0105 saszetk\u0119 na suwak wype\u0142nion\u0105 pasuj\u0105cymi niezb\u0119dnymi artyku\u0142ami papierniczymi - w tym ta\u015bm\u0105 washi, karteczkami samoprzylepnymi, linijk\u0105, o\u0142\u00f3wkiem i klipsem do segregatora. Wytrzyma\u0142a ok\u0142adka notatnika i druciana oprawa sprawiaj\u0105, \u017ce jest on idealny do szko\u0142y, prowadzenia dziennika lub kreatywnych projekt\u00f3w. Orze\u017awiaj\u0105cy zestaw all-in-one, kt\u00f3ry doda cytrusowego popu do codziennej rutyny!<\/p>","protected":false},"featured_media":34753,"template":"","meta":[],"product_brand":[],"product_cat":[682,331,493],"product_tag":[],"class_list":{"0":"post-30034","1":"product","2":"type-product","3":"status-publish","4":"has-post-thumbnail","6":"product_cat-lemon-collection","7":"product_cat-stationery-set","8":"product_cat-spiral-notebook","10":"first","11":"instock","12":"shipping-taxable","13":"product-type-simple"},"_links":{"self":[{"href":"http:\/\/shinyyoustationery.com\/pl\/wp-json\/wp\/v2\/product\/30034","targetHints":{"allow":["GET"]}}],"collection":[{"href":"http:\/\/shinyyoustationery.com\/pl\/wp-json\/wp\/v2\/product"}],"about":[{"href":"http:\/\/shinyyoustationery.com\/pl\/wp-json\/wp\/v2\/types\/product"}],"version-history":[{"count":0,"href":"http:\/\/shinyyoustationery.com\/pl\/wp-json\/wp\/v2\/product\/30034\/revisions"}],"wp:featuredmedia":[{"embeddable":true,"href":"http:\/\/shinyyoustationery.com\/pl\/wp-json\/wp\/v2\/media\/34753"}],"wp:attachment":[{"href":"http:\/\/shinyyoustationery.com\/pl\/wp-json\/wp\/v2\/media?parent=30034"}],"wp:term":[{"taxonomy":"product_brand","embeddable":true,"href":"http:\/\/shinyyoustationery.com\/pl\/wp-json\/wp\/v2\/product_brand?post=30034"},{"taxonomy":"product_cat","embeddable":true,"href":"http:\/\/shinyyoustationery.com\/pl\/wp-json\/wp\/v2\/product_cat?post=30034"},{"taxonomy":"product_tag","embeddable":true,"href":"http:\/\/shinyyoustationery.com\/pl\/wp-json\/wp\/v2\/product_tag?post=30034"}],"curies":[{"name":"wp","href":"https:\/\/api.w.org\/{rel}","templated":true}]}}