{"id":30043,"date":"2025-05-21T04:07:47","date_gmt":"2025-05-21T12:07:47","guid":{"rendered":"http:\/\/45.63.70.205\/?post_type=product&#038;p=30043"},"modified":"2025-06-23T00:57:30","modified_gmt":"2025-06-23T08:57:30","slug":"wholesale-custom-lemon-shaped-spiral-notebook","status":"publish","type":"product","link":"http:\/\/shinyyoustationery.com\/pl\/wholesale-custom-lemon-shaped-spiral-notebook\/","title":{"rendered":"Hurtownia niestandardowych notes\u00f3w spiralnych w kszta\u0142cie cytryny"},"content":{"rendered":"","protected":false},"excerpt":{"rendered":"<p>Dodaj soczysty akcent do swojej papeterii dzi\u0119ki temu notesowi spiralnemu w kszta\u0142cie cytryny! Jego twarda ok\u0142adka w jaskrawo\u017c\u00f3\u0142te i turkusowe cytryny jest zar\u00f3wno zabawna, jak i praktyczna. Solidna oprawa z drutu pozwala na \u0142atwe przewracanie, dzi\u0119ki czemu idealnie nadaje si\u0119 do notatek, bazgro\u0142\u00f3w lub prowadzenia dziennika w podr\u00f3\u017cy. Zabawny i weso\u0142y dodatek do ka\u017cdej torby szkolnej, biurka lub zestawu upominkowego.<\/p>","protected":false},"featured_media":33115,"template":"","meta":[],"product_brand":[],"product_cat":[387,493,682],"product_tag":[],"class_list":{"0":"post-30043","1":"product","2":"type-product","3":"status-publish","4":"has-post-thumbnail","6":"product_cat-notebooks-journals","7":"product_cat-spiral-notebook","8":"product_cat-lemon-collection","10":"first","11":"instock","12":"shipping-taxable","13":"product-type-simple"},"_links":{"self":[{"href":"http:\/\/shinyyoustationery.com\/pl\/wp-json\/wp\/v2\/product\/30043","targetHints":{"allow":["GET"]}}],"collection":[{"href":"http:\/\/shinyyoustationery.com\/pl\/wp-json\/wp\/v2\/product"}],"about":[{"href":"http:\/\/shinyyoustationery.com\/pl\/wp-json\/wp\/v2\/types\/product"}],"version-history":[{"count":0,"href":"http:\/\/shinyyoustationery.com\/pl\/wp-json\/wp\/v2\/product\/30043\/revisions"}],"wp:featuredmedia":[{"embeddable":true,"href":"http:\/\/shinyyoustationery.com\/pl\/wp-json\/wp\/v2\/media\/33115"}],"wp:attachment":[{"href":"http:\/\/shinyyoustationery.com\/pl\/wp-json\/wp\/v2\/media?parent=30043"}],"wp:term":[{"taxonomy":"product_brand","embeddable":true,"href":"http:\/\/shinyyoustationery.com\/pl\/wp-json\/wp\/v2\/product_brand?post=30043"},{"taxonomy":"product_cat","embeddable":true,"href":"http:\/\/shinyyoustationery.com\/pl\/wp-json\/wp\/v2\/product_cat?post=30043"},{"taxonomy":"product_tag","embeddable":true,"href":"http:\/\/shinyyoustationery.com\/pl\/wp-json\/wp\/v2\/product_tag?post=30043"}],"curies":[{"name":"wp","href":"https:\/\/api.w.org\/{rel}","templated":true}]}}