{"id":30106,"date":"2025-05-25T21:26:49","date_gmt":"2025-05-26T05:26:49","guid":{"rendered":"http:\/\/45.63.70.205\/?post_type=product&#038;p=30106"},"modified":"2025-06-25T22:40:52","modified_gmt":"2025-06-26T06:40:52","slug":"wholesale-custom-a5-pu-leather-journal-pink-and-black-for-office-school","status":"publish","type":"product","link":"http:\/\/shinyyoustationery.com\/pl\/wholesale-custom-a5-pu-leather-journal-pink-and-black-for-office-school\/","title":{"rendered":"Hurtowy niestandardowy dziennik A5 ze sk\u00f3ry PU - r\u00f3\u017cowo-czarny do biura i szko\u0142y"},"content":{"rendered":"","protected":false},"excerpt":{"rendered":"<p>Ten sk\u00f3rzany notatnik A5 PU to stylowy i praktyczny wyb\u00f3r zar\u00f3wno do u\u017cytku szkolnego, jak i biurowego. R\u00f3\u017cowy i czarny kolor sprawiaj\u0105, \u017ce jest to ciekawy dodatek do kolekcji artyku\u0142\u00f3w pi\u015bmiennych. Wytrzyma\u0142a twarda ok\u0142adka sprawia, \u017ce idealnie nadaje si\u0119 do pisania, robienia notatek lub prowadzenia dziennika. Wygodna elastyczna opaska zapewnia bezpiecze\u0144stwo stron podczas podr\u00f3\u017cy. Idealny dla student\u00f3w, profesjonalist\u00f3w i ka\u017cdego, kto lubi organizowa\u0107 swoje my\u015bli z odrobin\u0105 koloru.<\/p>","protected":false},"featured_media":33621,"template":"","meta":[],"product_brand":[],"product_cat":[667,684,387],"product_tag":[],"class_list":{"0":"post-30106","1":"product","2":"type-product","3":"status-publish","4":"has-post-thumbnail","6":"product_cat-hardcover-notebook","7":"product_cat-fashion-collection","8":"product_cat-notebooks-journals","10":"first","11":"instock","12":"shipping-taxable","13":"product-type-simple"},"_links":{"self":[{"href":"http:\/\/shinyyoustationery.com\/pl\/wp-json\/wp\/v2\/product\/30106","targetHints":{"allow":["GET"]}}],"collection":[{"href":"http:\/\/shinyyoustationery.com\/pl\/wp-json\/wp\/v2\/product"}],"about":[{"href":"http:\/\/shinyyoustationery.com\/pl\/wp-json\/wp\/v2\/types\/product"}],"version-history":[{"count":0,"href":"http:\/\/shinyyoustationery.com\/pl\/wp-json\/wp\/v2\/product\/30106\/revisions"}],"wp:featuredmedia":[{"embeddable":true,"href":"http:\/\/shinyyoustationery.com\/pl\/wp-json\/wp\/v2\/media\/33621"}],"wp:attachment":[{"href":"http:\/\/shinyyoustationery.com\/pl\/wp-json\/wp\/v2\/media?parent=30106"}],"wp:term":[{"taxonomy":"product_brand","embeddable":true,"href":"http:\/\/shinyyoustationery.com\/pl\/wp-json\/wp\/v2\/product_brand?post=30106"},{"taxonomy":"product_cat","embeddable":true,"href":"http:\/\/shinyyoustationery.com\/pl\/wp-json\/wp\/v2\/product_cat?post=30106"},{"taxonomy":"product_tag","embeddable":true,"href":"http:\/\/shinyyoustationery.com\/pl\/wp-json\/wp\/v2\/product_tag?post=30106"}],"curies":[{"name":"wp","href":"https:\/\/api.w.org\/{rel}","templated":true}]}}