{"id":30128,"date":"2025-05-25T23:17:22","date_gmt":"2025-05-26T07:17:22","guid":{"rendered":"http:\/\/45.63.70.205\/?post_type=product&#038;p=30128"},"modified":"2025-06-24T02:36:37","modified_gmt":"2025-06-24T10:36:37","slug":"wholesale-custom-savage-not-average-holographic-notebook","status":"publish","type":"product","link":"http:\/\/shinyyoustationery.com\/pl\/wholesale-custom-savage-not-average-holographic-notebook\/","title":{"rendered":"Hurtowy niestandardowy notatnik holograficzny \"SAVAGE NOT AVERAGE\""},"content":{"rendered":"","protected":false},"excerpt":{"rendered":"<p>Ten przyci\u0105gaj\u0105cy wzrok holograficzny notatnik zawiera odwa\u017cn\u0105 fraz\u0119 \"SAVAGE NOT AVERAGE\" napisan\u0105 zabawnymi, kolorowymi literami. Po\u0142yskuj\u0105ca, odblaskowa ok\u0142adka dodaje unikalnego i zabawnego akcentu, dzi\u0119ki czemu jest to idealne akcesorium dla tych, kt\u00f3rzy chc\u0105 wyrazi\u0107 swoj\u0105 pewno\u015b\u0107 siebie i indywidualno\u015b\u0107. Idealny do prowadzenia dziennika, robienia notatek lub jako codzienny planer, ten notatnik \u0142\u0105czy styl i funkcjonalno\u015b\u0107 w spos\u00f3b, kt\u00f3ry jest daleki od przeci\u0119tno\u015bci!<\/p>","protected":false},"featured_media":33354,"template":"","meta":[],"product_brand":[],"product_cat":[495,667],"product_tag":[],"class_list":{"0":"post-30128","1":"product","2":"type-product","3":"status-publish","4":"has-post-thumbnail","6":"product_cat-exercise-book","7":"product_cat-hardcover-notebook","9":"first","10":"instock","11":"shipping-taxable","12":"product-type-simple"},"_links":{"self":[{"href":"http:\/\/shinyyoustationery.com\/pl\/wp-json\/wp\/v2\/product\/30128","targetHints":{"allow":["GET"]}}],"collection":[{"href":"http:\/\/shinyyoustationery.com\/pl\/wp-json\/wp\/v2\/product"}],"about":[{"href":"http:\/\/shinyyoustationery.com\/pl\/wp-json\/wp\/v2\/types\/product"}],"version-history":[{"count":0,"href":"http:\/\/shinyyoustationery.com\/pl\/wp-json\/wp\/v2\/product\/30128\/revisions"}],"wp:featuredmedia":[{"embeddable":true,"href":"http:\/\/shinyyoustationery.com\/pl\/wp-json\/wp\/v2\/media\/33354"}],"wp:attachment":[{"href":"http:\/\/shinyyoustationery.com\/pl\/wp-json\/wp\/v2\/media?parent=30128"}],"wp:term":[{"taxonomy":"product_brand","embeddable":true,"href":"http:\/\/shinyyoustationery.com\/pl\/wp-json\/wp\/v2\/product_brand?post=30128"},{"taxonomy":"product_cat","embeddable":true,"href":"http:\/\/shinyyoustationery.com\/pl\/wp-json\/wp\/v2\/product_cat?post=30128"},{"taxonomy":"product_tag","embeddable":true,"href":"http:\/\/shinyyoustationery.com\/pl\/wp-json\/wp\/v2\/product_tag?post=30128"}],"curies":[{"name":"wp","href":"https:\/\/api.w.org\/{rel}","templated":true}]}}