{"id":30133,"date":"2025-05-25T23:44:30","date_gmt":"2025-05-26T07:44:30","guid":{"rendered":"http:\/\/45.63.70.205\/?post_type=product&#038;p=30133"},"modified":"2025-08-04T00:57:09","modified_gmt":"2025-08-04T08:57:09","slug":"wholesale-custom-pink-fashion-pencil-case-fun-storage-for-school-office","status":"publish","type":"product","link":"http:\/\/shinyyoustationery.com\/pl\/wholesale-custom-pink-fashion-pencil-case-fun-storage-for-school-office\/","title":{"rendered":"Hurtowy niestandardowy r\u00f3\u017cowy modny pi\u00f3rnik - zabawne przechowywanie dla szko\u0142y i biura"},"content":{"rendered":"","protected":false},"excerpt":{"rendered":"<p>Ten pi\u00f3rnik w \u017cywym r\u00f3\u017cowym kolorze ma zabawny wz\u00f3r \"SASS A DAY\", idealny do dodania koloru do akcesori\u00f3w szkolnych lub biurowych. Wykonany z wytrzyma\u0142ego materia\u0142u z bezpiecznym zamkiem b\u0142yskawicznym, oferuje du\u017co miejsca na d\u0142ugopisy, o\u0142\u00f3wki i inne niezb\u0119dne przedmioty. Zar\u00f3wno dla student\u00f3w, jak i profesjonalist\u00f3w, ten zabawny i funkcjonalny pi\u00f3rnik jest idealny do stylowego uporz\u0105dkowania artyku\u0142\u00f3w pi\u015bmiennych.<\/p>","protected":false},"featured_media":33649,"template":"","meta":[],"product_brand":[],"product_cat":[520,684],"product_tag":[],"class_list":{"0":"post-30133","1":"product","2":"type-product","3":"status-publish","4":"has-post-thumbnail","6":"product_cat-pencil-case-pouch","7":"product_cat-fashion-collection","9":"first","10":"instock","11":"shipping-taxable","12":"product-type-simple"},"_links":{"self":[{"href":"http:\/\/shinyyoustationery.com\/pl\/wp-json\/wp\/v2\/product\/30133","targetHints":{"allow":["GET"]}}],"collection":[{"href":"http:\/\/shinyyoustationery.com\/pl\/wp-json\/wp\/v2\/product"}],"about":[{"href":"http:\/\/shinyyoustationery.com\/pl\/wp-json\/wp\/v2\/types\/product"}],"version-history":[{"count":0,"href":"http:\/\/shinyyoustationery.com\/pl\/wp-json\/wp\/v2\/product\/30133\/revisions"}],"wp:featuredmedia":[{"embeddable":true,"href":"http:\/\/shinyyoustationery.com\/pl\/wp-json\/wp\/v2\/media\/33649"}],"wp:attachment":[{"href":"http:\/\/shinyyoustationery.com\/pl\/wp-json\/wp\/v2\/media?parent=30133"}],"wp:term":[{"taxonomy":"product_brand","embeddable":true,"href":"http:\/\/shinyyoustationery.com\/pl\/wp-json\/wp\/v2\/product_brand?post=30133"},{"taxonomy":"product_cat","embeddable":true,"href":"http:\/\/shinyyoustationery.com\/pl\/wp-json\/wp\/v2\/product_cat?post=30133"},{"taxonomy":"product_tag","embeddable":true,"href":"http:\/\/shinyyoustationery.com\/pl\/wp-json\/wp\/v2\/product_tag?post=30133"}],"curies":[{"name":"wp","href":"https:\/\/api.w.org\/{rel}","templated":true}]}}