{"id":30139,"date":"2025-05-25T23:54:11","date_gmt":"2025-05-26T07:54:11","guid":{"rendered":"http:\/\/45.63.70.205\/?post_type=product&#038;p=30139"},"modified":"2025-07-08T21:18:26","modified_gmt":"2025-07-08T13:18:26","slug":"wholesale-custom-fun-sassy-3-pack-quote-pens","status":"publish","type":"product","link":"http:\/\/shinyyoustationery.com\/pl\/wholesale-custom-fun-sassy-3-pack-quote-pens\/","title":{"rendered":"Hurtownia niestandardowych zabawnych 3-pak d\u0142ugopis\u00f3w z cytatami"},"content":{"rendered":"","protected":false},"excerpt":{"rendered":"<p>Ten zestaw trzech d\u0142ugopis\u00f3w z cytatami dodaje zabawny i bezczelny akcent do kolekcji papeterii. Dzi\u0119ki \u017cywym kolorom i zabawnym cytatom, takim jak \"BLAH BLAH\", \"SASSY SINCE BIRTH\" i \"GIRLS\", d\u0142ugopisy te s\u0105 idealne do wyra\u017cania siebie podczas pisania. Z\u0142ote akcenty i wierzcho\u0142ki w kszta\u0142cie serca dodaj\u0105 stylowego charakteru, czyni\u0105c je nie tylko funkcjonalnymi, ale tak\u017ce zabawnymi akcesoriami na biurko lub pi\u00f3rnik. Niezb\u0119dne dla tych, kt\u00f3rzy kochaj\u0105 odrobin\u0119 osobowo\u015bci w swoich codziennych niezb\u0119dnikach!<\/p>","protected":false},"featured_media":35077,"template":"","meta":[],"product_brand":[],"product_cat":[415,479],"product_tag":[],"class_list":{"0":"post-30139","1":"product","2":"type-product","3":"status-publish","4":"has-post-thumbnail","6":"product_cat-pen","7":"product_cat-ballpoint-pen","9":"first","10":"instock","11":"shipping-taxable","12":"product-type-simple"},"_links":{"self":[{"href":"http:\/\/shinyyoustationery.com\/pl\/wp-json\/wp\/v2\/product\/30139","targetHints":{"allow":["GET"]}}],"collection":[{"href":"http:\/\/shinyyoustationery.com\/pl\/wp-json\/wp\/v2\/product"}],"about":[{"href":"http:\/\/shinyyoustationery.com\/pl\/wp-json\/wp\/v2\/types\/product"}],"version-history":[{"count":0,"href":"http:\/\/shinyyoustationery.com\/pl\/wp-json\/wp\/v2\/product\/30139\/revisions"}],"wp:featuredmedia":[{"embeddable":true,"href":"http:\/\/shinyyoustationery.com\/pl\/wp-json\/wp\/v2\/media\/35077"}],"wp:attachment":[{"href":"http:\/\/shinyyoustationery.com\/pl\/wp-json\/wp\/v2\/media?parent=30139"}],"wp:term":[{"taxonomy":"product_brand","embeddable":true,"href":"http:\/\/shinyyoustationery.com\/pl\/wp-json\/wp\/v2\/product_brand?post=30139"},{"taxonomy":"product_cat","embeddable":true,"href":"http:\/\/shinyyoustationery.com\/pl\/wp-json\/wp\/v2\/product_cat?post=30139"},{"taxonomy":"product_tag","embeddable":true,"href":"http:\/\/shinyyoustationery.com\/pl\/wp-json\/wp\/v2\/product_tag?post=30139"}],"curies":[{"name":"wp","href":"https:\/\/api.w.org\/{rel}","templated":true}]}}