{"id":30144,"date":"2025-05-26T00:17:00","date_gmt":"2025-05-26T08:17:00","guid":{"rendered":"http:\/\/45.63.70.205\/?post_type=product&#038;p=30144"},"modified":"2025-06-26T00:56:47","modified_gmt":"2025-06-26T08:56:47","slug":"wholesale-custom-copper-desk-paper-clip-holder-fashion-office-home-desk-accessory","status":"publish","type":"product","link":"http:\/\/shinyyoustationery.com\/pl\/wholesale-custom-copper-desk-paper-clip-holder-fashion-office-home-desk-accessory\/","title":{"rendered":"Hurtownia niestandardowych miedzianych spinaczy do papieru na biurko Modne akcesoria biurowe i domowe na biurko"},"content":{"rendered":"","protected":false},"excerpt":{"rendered":"<p>Ten elegancki miedziany uchwyt na spinacze do papieru doda elegancji ka\u017cdemu biuru lub domowemu miejscu pracy. Jego nowoczesna konstrukcja w kszta\u0142cie kopu\u0142y nie tylko pozwala uporz\u0105dkowa\u0107 spinacze, ale tak\u017ce s\u0142u\u017cy jako stylowy dodatek na biurko. Przezroczyste opakowanie pozwala zobaczy\u0107 funkcjonalny, ale elegancki design, dzi\u0119ki czemu jest to idealne po\u0142\u0105czenie stylu i praktyczno\u015bci. Idealny do utrzymania porz\u0105dku na biurku, a jednocze\u015bnie dodaj\u0105cy odrobin\u0119 stylu.<\/p>","protected":false},"featured_media":33659,"template":"","meta":[],"product_brand":[],"product_cat":[421,427,684],"product_tag":[],"class_list":{"0":"post-30144","1":"product","2":"type-product","3":"status-publish","4":"has-post-thumbnail","6":"product_cat-paper-clip","7":"product_cat-desk-organizer","8":"product_cat-fashion-collection","10":"first","11":"instock","12":"shipping-taxable","13":"product-type-simple"},"_links":{"self":[{"href":"http:\/\/shinyyoustationery.com\/pl\/wp-json\/wp\/v2\/product\/30144","targetHints":{"allow":["GET"]}}],"collection":[{"href":"http:\/\/shinyyoustationery.com\/pl\/wp-json\/wp\/v2\/product"}],"about":[{"href":"http:\/\/shinyyoustationery.com\/pl\/wp-json\/wp\/v2\/types\/product"}],"version-history":[{"count":0,"href":"http:\/\/shinyyoustationery.com\/pl\/wp-json\/wp\/v2\/product\/30144\/revisions"}],"wp:featuredmedia":[{"embeddable":true,"href":"http:\/\/shinyyoustationery.com\/pl\/wp-json\/wp\/v2\/media\/33659"}],"wp:attachment":[{"href":"http:\/\/shinyyoustationery.com\/pl\/wp-json\/wp\/v2\/media?parent=30144"}],"wp:term":[{"taxonomy":"product_brand","embeddable":true,"href":"http:\/\/shinyyoustationery.com\/pl\/wp-json\/wp\/v2\/product_brand?post=30144"},{"taxonomy":"product_cat","embeddable":true,"href":"http:\/\/shinyyoustationery.com\/pl\/wp-json\/wp\/v2\/product_cat?post=30144"},{"taxonomy":"product_tag","embeddable":true,"href":"http:\/\/shinyyoustationery.com\/pl\/wp-json\/wp\/v2\/product_tag?post=30144"}],"curies":[{"name":"wp","href":"https:\/\/api.w.org\/{rel}","templated":true}]}}