{"id":30148,"date":"2025-05-26T00:29:33","date_gmt":"2025-05-26T08:29:33","guid":{"rendered":"http:\/\/45.63.70.205\/?post_type=product&#038;p=30148"},"modified":"2025-08-13T03:51:48","modified_gmt":"2025-08-13T11:51:48","slug":"wholesale-custom-white-blah-print-magazine-file-holder-fun-organizer-for-home-office","status":"publish","type":"product","link":"http:\/\/shinyyoustationery.com\/pl\/wholesale-custom-white-blah-print-magazine-file-holder-fun-organizer-for-home-office\/","title":{"rendered":"Hurtowy niestandardowy bia\u0142y uchwyt na czasopisma z nadrukiem \"BLAH\" - zabawny organizer do domu i biura"},"content":{"rendered":"","protected":false},"excerpt":{"rendered":"<p>Ten bia\u0142y stojak na dokumenty z powtarzaj\u0105cym si\u0119 czarnym nadrukiem \"BLAH\" doda zabawnego i nowoczesnego charakteru ka\u017cdemu biurku. Idealny do organizowania czasopism, dokument\u00f3w lub folder\u00f3w zar\u00f3wno w domu, jak i w biurze. Jego minimalistyczny, ale ekscentryczny design sprawia, \u017ce miejsce pracy jest uporz\u0105dkowane i stylowe.<\/p>","protected":false},"featured_media":33662,"template":"","meta":[],"product_brand":[],"product_cat":[412,438,671,684],"product_tag":[],"class_list":{"0":"post-30148","1":"product","2":"type-product","3":"status-publish","4":"has-post-thumbnail","6":"product_cat-document-file-folder","7":"product_cat-document-file-holder","8":"product_cat-magazine-file","9":"product_cat-fashion-collection","11":"first","12":"instock","13":"shipping-taxable","14":"product-type-simple"},"_links":{"self":[{"href":"http:\/\/shinyyoustationery.com\/pl\/wp-json\/wp\/v2\/product\/30148","targetHints":{"allow":["GET"]}}],"collection":[{"href":"http:\/\/shinyyoustationery.com\/pl\/wp-json\/wp\/v2\/product"}],"about":[{"href":"http:\/\/shinyyoustationery.com\/pl\/wp-json\/wp\/v2\/types\/product"}],"version-history":[{"count":0,"href":"http:\/\/shinyyoustationery.com\/pl\/wp-json\/wp\/v2\/product\/30148\/revisions"}],"wp:featuredmedia":[{"embeddable":true,"href":"http:\/\/shinyyoustationery.com\/pl\/wp-json\/wp\/v2\/media\/33662"}],"wp:attachment":[{"href":"http:\/\/shinyyoustationery.com\/pl\/wp-json\/wp\/v2\/media?parent=30148"}],"wp:term":[{"taxonomy":"product_brand","embeddable":true,"href":"http:\/\/shinyyoustationery.com\/pl\/wp-json\/wp\/v2\/product_brand?post=30148"},{"taxonomy":"product_cat","embeddable":true,"href":"http:\/\/shinyyoustationery.com\/pl\/wp-json\/wp\/v2\/product_cat?post=30148"},{"taxonomy":"product_tag","embeddable":true,"href":"http:\/\/shinyyoustationery.com\/pl\/wp-json\/wp\/v2\/product_tag?post=30148"}],"curies":[{"name":"wp","href":"https:\/\/api.w.org\/{rel}","templated":true}]}}