{"id":30164,"date":"2025-05-26T01:15:17","date_gmt":"2025-05-26T09:15:17","guid":{"rendered":"http:\/\/45.63.70.205\/?post_type=product&#038;p=30164"},"modified":"2025-06-19T02:35:28","modified_gmt":"2025-06-19T10:35:28","slug":"custom-trendy-personalized-spiral-notebooks","status":"publish","type":"product","link":"http:\/\/shinyyoustationery.com\/pl\/custom-trendy-personalized-spiral-notebooks\/","title":{"rendered":"Niestandardowe, modne, spersonalizowane notesy spiralne"},"content":{"rendered":"","protected":false},"excerpt":{"rendered":"<p>Odkryj nasz\u0105 kolekcj\u0119 personalizowanych notes\u00f3w na spirali, idealnych do u\u017cytku biznesowego, szkolnego lub osobistego. Dost\u0119pne w wielu stylowych wzorach, notatniki te oferuj\u0105 zar\u00f3wno funkcjonalno\u015b\u0107, jak i mod\u0119. Dostosuj swoje logo, wiadomo\u015b\u0107 lub unikalne projekty, aby stworzy\u0107 idealn\u0105 papeteri\u0119 dla swojej marki lub wydarzenia. Idealne na prezenty, promocje i do codziennego u\u017cytku!<\/p>","protected":false},"featured_media":30165,"template":"","meta":[],"product_brand":[],"product_cat":[493],"product_tag":[],"class_list":{"0":"post-30164","1":"product","2":"type-product","3":"status-publish","4":"has-post-thumbnail","6":"product_cat-spiral-notebook","8":"first","9":"instock","10":"shipping-taxable","11":"product-type-simple"},"_links":{"self":[{"href":"http:\/\/shinyyoustationery.com\/pl\/wp-json\/wp\/v2\/product\/30164","targetHints":{"allow":["GET"]}}],"collection":[{"href":"http:\/\/shinyyoustationery.com\/pl\/wp-json\/wp\/v2\/product"}],"about":[{"href":"http:\/\/shinyyoustationery.com\/pl\/wp-json\/wp\/v2\/types\/product"}],"version-history":[{"count":0,"href":"http:\/\/shinyyoustationery.com\/pl\/wp-json\/wp\/v2\/product\/30164\/revisions"}],"wp:featuredmedia":[{"embeddable":true,"href":"http:\/\/shinyyoustationery.com\/pl\/wp-json\/wp\/v2\/media\/30165"}],"wp:attachment":[{"href":"http:\/\/shinyyoustationery.com\/pl\/wp-json\/wp\/v2\/media?parent=30164"}],"wp:term":[{"taxonomy":"product_brand","embeddable":true,"href":"http:\/\/shinyyoustationery.com\/pl\/wp-json\/wp\/v2\/product_brand?post=30164"},{"taxonomy":"product_cat","embeddable":true,"href":"http:\/\/shinyyoustationery.com\/pl\/wp-json\/wp\/v2\/product_cat?post=30164"},{"taxonomy":"product_tag","embeddable":true,"href":"http:\/\/shinyyoustationery.com\/pl\/wp-json\/wp\/v2\/product_tag?post=30164"}],"curies":[{"name":"wp","href":"https:\/\/api.w.org\/{rel}","templated":true}]}}