{"id":30172,"date":"2025-05-26T01:54:58","date_gmt":"2025-05-26T09:54:58","guid":{"rendered":"http:\/\/45.63.70.205\/?post_type=product&#038;p=30172"},"modified":"2025-05-26T01:55:42","modified_gmt":"2025-05-26T09:55:42","slug":"custom-revision-cards-perfect-for-study-notes-and-personalized-branding","status":"publish","type":"product","link":"http:\/\/shinyyoustationery.com\/pl\/custom-revision-cards-perfect-for-study-notes-and-personalized-branding\/","title":{"rendered":"Niestandardowe karty weryfikacji - idealne do nauki, notatek i spersonalizowanego brandingu"},"content":{"rendered":"","protected":false},"excerpt":{"rendered":"<p>Nasze niestandardowe karty do powt\u00f3rek s\u0105 idealne zar\u00f3wno dla student\u00f3w, nauczycieli, jak i firm. Wykonane z trwa\u0142ych, wysokiej jako\u015bci materia\u0142\u00f3w, karty te s\u0105 idealne do robienia notatek, powtarzania i zapami\u0119tywania. Dostosuj je za pomoc\u0105 logo, projektu lub wiadomo\u015bci do u\u017cytku osobistego lub promocyjnego. Dost\u0119pne w r\u00f3\u017cnych rozmiarach i wyko\u0144czeniach, karty te s\u0105 praktycznym i stylowym narz\u0119dziem do nauki i organizacji. Niezale\u017cnie od tego, czy przygotowujesz si\u0119 do egzamin\u00f3w, czy szukasz skutecznego sposobu na promocj\u0119 swojej marki, nasze niestandardowe karty do powt\u00f3rek s\u0105 idealnym rozwi\u0105zaniem.<\/p>","protected":false},"featured_media":30173,"template":"","meta":[],"product_brand":[],"product_cat":[670],"product_tag":[],"class_list":{"0":"post-30172","1":"product","2":"type-product","3":"status-publish","4":"has-post-thumbnail","6":"product_cat-revision-card","8":"first","9":"instock","10":"shipping-taxable","11":"product-type-simple"},"_links":{"self":[{"href":"http:\/\/shinyyoustationery.com\/pl\/wp-json\/wp\/v2\/product\/30172","targetHints":{"allow":["GET"]}}],"collection":[{"href":"http:\/\/shinyyoustationery.com\/pl\/wp-json\/wp\/v2\/product"}],"about":[{"href":"http:\/\/shinyyoustationery.com\/pl\/wp-json\/wp\/v2\/types\/product"}],"version-history":[{"count":0,"href":"http:\/\/shinyyoustationery.com\/pl\/wp-json\/wp\/v2\/product\/30172\/revisions"}],"wp:featuredmedia":[{"embeddable":true,"href":"http:\/\/shinyyoustationery.com\/pl\/wp-json\/wp\/v2\/media\/30173"}],"wp:attachment":[{"href":"http:\/\/shinyyoustationery.com\/pl\/wp-json\/wp\/v2\/media?parent=30172"}],"wp:term":[{"taxonomy":"product_brand","embeddable":true,"href":"http:\/\/shinyyoustationery.com\/pl\/wp-json\/wp\/v2\/product_brand?post=30172"},{"taxonomy":"product_cat","embeddable":true,"href":"http:\/\/shinyyoustationery.com\/pl\/wp-json\/wp\/v2\/product_cat?post=30172"},{"taxonomy":"product_tag","embeddable":true,"href":"http:\/\/shinyyoustationery.com\/pl\/wp-json\/wp\/v2\/product_tag?post=30172"}],"curies":[{"name":"wp","href":"https:\/\/api.w.org\/{rel}","templated":true}]}}