{"id":30183,"date":"2025-05-26T02:29:08","date_gmt":"2025-05-26T10:29:08","guid":{"rendered":"http:\/\/45.63.70.205\/?post_type=product&#038;p=30183"},"modified":"2025-05-26T02:29:08","modified_gmt":"2025-05-26T10:29:08","slug":"trendy-custom-poly-document-folders","status":"publish","type":"product","link":"http:\/\/shinyyoustationery.com\/pl\/trendy-custom-poly-document-folders\/","title":{"rendered":"Modne niestandardowe teczki na dokumenty"},"content":{"rendered":"","protected":false},"excerpt":{"rendered":"<p>Wyr\u00f3\u017cnij si\u0119, zachowuj\u0105c porz\u0105dek dzi\u0119ki naszym niestandardowym teczkom na dokumenty. Te wodoodporne, zapinane na guziki teczki z \u017cywymi czarno-bia\u0142ymi wzorami, takimi jak kropki, szewrony i zabawne slogany, takie jak \"Too Cool for School\", s\u0105 idealne dla student\u00f3w, profesjonalist\u00f3w i do zastosowa\u0144 promocyjnych. Spersonalizuj je swoj\u0105 mark\u0105 lub grafik\u0105, aby stworzy\u0107 stylowe, funkcjonalne artyku\u0142y papiernicze, kt\u00f3re wyr\u00f3\u017cni\u0105 si\u0119 w ka\u017cdym plecaku, teczce lub klasie. Idealne na prezenty, kolekcje na powr\u00f3t do szko\u0142y i materia\u0142y biurowe.<\/p>","protected":false},"featured_media":30184,"template":"","meta":[],"product_brand":[],"product_cat":[438],"product_tag":[],"class_list":{"0":"post-30183","1":"product","2":"type-product","3":"status-publish","4":"has-post-thumbnail","6":"product_cat-document-file-holder","8":"first","9":"instock","10":"shipping-taxable","11":"product-type-simple"},"_links":{"self":[{"href":"http:\/\/shinyyoustationery.com\/pl\/wp-json\/wp\/v2\/product\/30183","targetHints":{"allow":["GET"]}}],"collection":[{"href":"http:\/\/shinyyoustationery.com\/pl\/wp-json\/wp\/v2\/product"}],"about":[{"href":"http:\/\/shinyyoustationery.com\/pl\/wp-json\/wp\/v2\/types\/product"}],"version-history":[{"count":0,"href":"http:\/\/shinyyoustationery.com\/pl\/wp-json\/wp\/v2\/product\/30183\/revisions"}],"wp:featuredmedia":[{"embeddable":true,"href":"http:\/\/shinyyoustationery.com\/pl\/wp-json\/wp\/v2\/media\/30184"}],"wp:attachment":[{"href":"http:\/\/shinyyoustationery.com\/pl\/wp-json\/wp\/v2\/media?parent=30183"}],"wp:term":[{"taxonomy":"product_brand","embeddable":true,"href":"http:\/\/shinyyoustationery.com\/pl\/wp-json\/wp\/v2\/product_brand?post=30183"},{"taxonomy":"product_cat","embeddable":true,"href":"http:\/\/shinyyoustationery.com\/pl\/wp-json\/wp\/v2\/product_cat?post=30183"},{"taxonomy":"product_tag","embeddable":true,"href":"http:\/\/shinyyoustationery.com\/pl\/wp-json\/wp\/v2\/product_tag?post=30183"}],"curies":[{"name":"wp","href":"https:\/\/api.w.org\/{rel}","templated":true}]}}