{"id":30196,"date":"2025-05-26T02:59:06","date_gmt":"2025-05-26T10:59:06","guid":{"rendered":"http:\/\/45.63.70.205\/?post_type=product&#038;p=30196"},"modified":"2025-07-02T19:45:38","modified_gmt":"2025-07-02T11:45:38","slug":"custom-stylish-striped-pencils-8-pack-set","status":"publish","type":"product","link":"http:\/\/shinyyoustationery.com\/pl\/custom-stylish-striped-pencils-8-pack-set\/","title":{"rendered":"Niestandardowe stylowe o\u0142\u00f3wki w paski - zestaw 8 sztuk"},"content":{"rendered":"","protected":false},"excerpt":{"rendered":"<p>Dodaj odrobin\u0119 wyrafinowania do swojego pisma dzi\u0119ki naszym niestandardowym o\u0142\u00f3wkom w paski. Ka\u017cde opakowanie zawiera 8 eleganckich o\u0142\u00f3wk\u00f3w z odwa\u017cnymi czarno-bia\u0142ymi paskami, oferuj\u0105c zar\u00f3wno funkcjonalno\u015b\u0107, jak i styl. Idealne dla student\u00f3w, profesjonalist\u00f3w lub jako upominki reklamowe, o\u0142\u00f3wki te mo\u017cna \u0142atwo spersonalizowa\u0107 za pomoc\u0105 logo lub wiadomo\u015bci. Niezale\u017cnie od tego, czy u\u017cywasz ich do codziennego pisania, projekt\u00f3w szkolnych, czy jako stylowego prezentu, te o\u0142\u00f3wki z pewno\u015bci\u0105 zrobi\u0105 wra\u017cenie, zapewniaj\u0105c jednocze\u015bnie niezawodn\u0105 wydajno\u015b\u0107.<\/p>","protected":false},"featured_media":30215,"template":"","meta":[],"product_brand":[],"product_cat":[415],"product_tag":[],"class_list":{"0":"post-30196","1":"product","2":"type-product","3":"status-publish","4":"has-post-thumbnail","6":"product_cat-pen","8":"first","9":"instock","10":"shipping-taxable","11":"product-type-simple"},"_links":{"self":[{"href":"http:\/\/shinyyoustationery.com\/pl\/wp-json\/wp\/v2\/product\/30196","targetHints":{"allow":["GET"]}}],"collection":[{"href":"http:\/\/shinyyoustationery.com\/pl\/wp-json\/wp\/v2\/product"}],"about":[{"href":"http:\/\/shinyyoustationery.com\/pl\/wp-json\/wp\/v2\/types\/product"}],"version-history":[{"count":0,"href":"http:\/\/shinyyoustationery.com\/pl\/wp-json\/wp\/v2\/product\/30196\/revisions"}],"wp:featuredmedia":[{"embeddable":true,"href":"http:\/\/shinyyoustationery.com\/pl\/wp-json\/wp\/v2\/media\/30215"}],"wp:attachment":[{"href":"http:\/\/shinyyoustationery.com\/pl\/wp-json\/wp\/v2\/media?parent=30196"}],"wp:term":[{"taxonomy":"product_brand","embeddable":true,"href":"http:\/\/shinyyoustationery.com\/pl\/wp-json\/wp\/v2\/product_brand?post=30196"},{"taxonomy":"product_cat","embeddable":true,"href":"http:\/\/shinyyoustationery.com\/pl\/wp-json\/wp\/v2\/product_cat?post=30196"},{"taxonomy":"product_tag","embeddable":true,"href":"http:\/\/shinyyoustationery.com\/pl\/wp-json\/wp\/v2\/product_tag?post=30196"}],"curies":[{"name":"wp","href":"https:\/\/api.w.org\/{rel}","templated":true}]}}