{"id":30198,"date":"2025-05-26T03:04:03","date_gmt":"2025-05-26T11:04:03","guid":{"rendered":"http:\/\/45.63.70.205\/?post_type=product&#038;p=30198"},"modified":"2025-07-02T19:45:30","modified_gmt":"2025-07-02T11:45:30","slug":"custom-colorful-highlighter-set-bold-polka-dot-design-4-pack","status":"publish","type":"product","link":"http:\/\/shinyyoustationery.com\/pl\/custom-colorful-highlighter-set-bold-polka-dot-design-4-pack\/","title":{"rendered":"Niestandardowy zestaw kolorowych zakre\u015blaczy - odwa\u017cny wz\u00f3r w kropki (opakowanie 4 szt.)"},"content":{"rendered":"","protected":false},"excerpt":{"rendered":"<p>Rozja\u015bnij swoje sesje nauki dzi\u0119ki naszemu zestawowi zakre\u015blaczy Custom Polka Dot. Ten 4-pak zawiera zakre\u015blacze w \u017cywych kolorach r\u00f3\u017cowym, \u017c\u00f3\u0142tym, zielonym i niebieskim ze stylowym czarno-bia\u0142ym wzorem w kropki. Idealne do porz\u0105dkowania notatek, podkre\u015blania wa\u017cnych informacji i dodawania odrobiny koloru do miejsca pracy. Spersonalizuj te zakre\u015blacze za pomoc\u0105 logo swojej marki lub niestandardowego projektu, aby uzyska\u0107 zabawny i funkcjonalny produkt promocyjny. Niezale\u017cnie od tego, czy chodzi o student\u00f3w, profesjonalist\u00f3w czy upominki, te zakre\u015blacze z pewno\u015bci\u0105 zrobi\u0105 wra\u017cenie!<\/p>","protected":false},"featured_media":30199,"template":"","meta":[],"product_brand":[],"product_cat":[415,418],"product_tag":[],"class_list":{"0":"post-30198","1":"product","2":"type-product","3":"status-publish","4":"has-post-thumbnail","6":"product_cat-pen","7":"product_cat-highlighter","9":"first","10":"instock","11":"shipping-taxable","12":"product-type-simple"},"_links":{"self":[{"href":"http:\/\/shinyyoustationery.com\/pl\/wp-json\/wp\/v2\/product\/30198","targetHints":{"allow":["GET"]}}],"collection":[{"href":"http:\/\/shinyyoustationery.com\/pl\/wp-json\/wp\/v2\/product"}],"about":[{"href":"http:\/\/shinyyoustationery.com\/pl\/wp-json\/wp\/v2\/types\/product"}],"version-history":[{"count":0,"href":"http:\/\/shinyyoustationery.com\/pl\/wp-json\/wp\/v2\/product\/30198\/revisions"}],"wp:featuredmedia":[{"embeddable":true,"href":"http:\/\/shinyyoustationery.com\/pl\/wp-json\/wp\/v2\/media\/30199"}],"wp:attachment":[{"href":"http:\/\/shinyyoustationery.com\/pl\/wp-json\/wp\/v2\/media?parent=30198"}],"wp:term":[{"taxonomy":"product_brand","embeddable":true,"href":"http:\/\/shinyyoustationery.com\/pl\/wp-json\/wp\/v2\/product_brand?post=30198"},{"taxonomy":"product_cat","embeddable":true,"href":"http:\/\/shinyyoustationery.com\/pl\/wp-json\/wp\/v2\/product_cat?post=30198"},{"taxonomy":"product_tag","embeddable":true,"href":"http:\/\/shinyyoustationery.com\/pl\/wp-json\/wp\/v2\/product_tag?post=30198"}],"curies":[{"name":"wp","href":"https:\/\/api.w.org\/{rel}","templated":true}]}}