{"id":30205,"date":"2025-05-26T03:18:09","date_gmt":"2025-05-26T11:18:09","guid":{"rendered":"http:\/\/45.63.70.205\/?post_type=product&#038;p=30205"},"modified":"2025-07-07T15:21:02","modified_gmt":"2025-07-07T07:21:02","slug":"custom-stylish-black-and-white-geometric-pencil-case","status":"publish","type":"product","link":"http:\/\/shinyyoustationery.com\/pl\/custom-stylish-black-and-white-geometric-pencil-case\/","title":{"rendered":"Niestandardowy stylowy czarno-bia\u0142y pi\u00f3rnik geometryczny"},"content":{"rendered":"","protected":false},"excerpt":{"rendered":"<p>Zachowaj stylowy porz\u0105dek w papeterii dzi\u0119ki naszemu niestandardowemu stylowemu czarno-bia\u0142emu pi\u00f3rnikowi. Ten kompaktowy i modny pi\u00f3rnik ma unikalny czarno-bia\u0142y wz\u00f3r w kropki, oferuj\u0105c zar\u00f3wno trwa\u0142o\u015b\u0107, jak i styl. Idealny dla student\u00f3w, profesjonalist\u00f3w i ka\u017cdego, kto kocha porz\u0105dek z odrobin\u0105 stylu, ten pi\u00f3rnik mo\u017ce by\u0107 spersonalizowany za pomoc\u0105 logo lub projektu. Idealny do przechowywania d\u0142ugopis\u00f3w, o\u0142\u00f3wk\u00f3w, marker\u00f3w i innych drobnych akcesori\u00f3w, jest doskona\u0142ym dodatkiem do biurka lub plecaka. Zachowaj porz\u0105dek, jednocze\u015bnie dodaj\u0105c zabawny akcent do swoich codziennych niezb\u0119dnik\u00f3w!<\/p>","protected":false},"featured_media":30206,"template":"","meta":[],"product_brand":[],"product_cat":[477,520],"product_tag":[],"class_list":{"0":"post-30205","1":"product","2":"type-product","3":"status-publish","4":"has-post-thumbnail","6":"product_cat-school-bags","7":"product_cat-pencil-case-pouch","9":"first","10":"instock","11":"shipping-taxable","12":"product-type-simple"},"_links":{"self":[{"href":"http:\/\/shinyyoustationery.com\/pl\/wp-json\/wp\/v2\/product\/30205","targetHints":{"allow":["GET"]}}],"collection":[{"href":"http:\/\/shinyyoustationery.com\/pl\/wp-json\/wp\/v2\/product"}],"about":[{"href":"http:\/\/shinyyoustationery.com\/pl\/wp-json\/wp\/v2\/types\/product"}],"version-history":[{"count":0,"href":"http:\/\/shinyyoustationery.com\/pl\/wp-json\/wp\/v2\/product\/30205\/revisions"}],"wp:featuredmedia":[{"embeddable":true,"href":"http:\/\/shinyyoustationery.com\/pl\/wp-json\/wp\/v2\/media\/30206"}],"wp:attachment":[{"href":"http:\/\/shinyyoustationery.com\/pl\/wp-json\/wp\/v2\/media?parent=30205"}],"wp:term":[{"taxonomy":"product_brand","embeddable":true,"href":"http:\/\/shinyyoustationery.com\/pl\/wp-json\/wp\/v2\/product_brand?post=30205"},{"taxonomy":"product_cat","embeddable":true,"href":"http:\/\/shinyyoustationery.com\/pl\/wp-json\/wp\/v2\/product_cat?post=30205"},{"taxonomy":"product_tag","embeddable":true,"href":"http:\/\/shinyyoustationery.com\/pl\/wp-json\/wp\/v2\/product_tag?post=30205"}],"curies":[{"name":"wp","href":"https:\/\/api.w.org\/{rel}","templated":true}]}}