{"id":30208,"date":"2025-05-26T03:23:54","date_gmt":"2025-05-26T11:23:54","guid":{"rendered":"http:\/\/45.63.70.205\/?post_type=product&#038;p=30208"},"modified":"2025-05-26T03:25:00","modified_gmt":"2025-05-26T11:25:00","slug":"custom-office-storage-containers-set-5-pack","status":"publish","type":"product","link":"http:\/\/shinyyoustationery.com\/pl\/custom-office-storage-containers-set-5-pack\/","title":{"rendered":"Zestaw niestandardowych pojemnik\u00f3w biurowych (5 sztuk)"},"content":{"rendered":"","protected":false},"excerpt":{"rendered":"<p>Ten 5-cz\u0119\u015bciowy zestaw zawiera spinacze do papieru, pinezki, spinacze do segregator\u00f3w, gumki i inne, wszystkie zapakowane w przezroczyste pojemniki, kt\u00f3re mo\u017cna uk\u0142ada\u0107 jeden na drugim. Idealne do uporz\u0105dkowania materia\u0142\u00f3w biurowych, a jednocze\u015bnie dodaj\u0105ce szyku na biurku, przedmioty te s\u0105 utrzymane w czarno-bia\u0142ej kolorystyce, zapewniaj\u0105c nowoczesny, minimalistyczny wygl\u0105d. Dostosuj swoje logo lub projekt, aby stworzy\u0107 unikalny produkt promocyjny, lub u\u017cyj ich jako wydajnego i modnego rozwi\u0105zania dla swoich potrzeb biurowych. Zachowaj porz\u0105dek w dobrym stylu dzi\u0119ki temu zestawowi all-in-one.<\/p>","protected":false},"featured_media":30210,"template":"","meta":[],"product_brand":[],"product_cat":[380],"product_tag":[],"class_list":{"0":"post-30208","1":"product","2":"type-product","3":"status-publish","4":"has-post-thumbnail","6":"product_cat-school-stationery","8":"first","9":"instock","10":"shipping-taxable","11":"product-type-simple"},"_links":{"self":[{"href":"http:\/\/shinyyoustationery.com\/pl\/wp-json\/wp\/v2\/product\/30208","targetHints":{"allow":["GET"]}}],"collection":[{"href":"http:\/\/shinyyoustationery.com\/pl\/wp-json\/wp\/v2\/product"}],"about":[{"href":"http:\/\/shinyyoustationery.com\/pl\/wp-json\/wp\/v2\/types\/product"}],"version-history":[{"count":0,"href":"http:\/\/shinyyoustationery.com\/pl\/wp-json\/wp\/v2\/product\/30208\/revisions"}],"wp:featuredmedia":[{"embeddable":true,"href":"http:\/\/shinyyoustationery.com\/pl\/wp-json\/wp\/v2\/media\/30210"}],"wp:attachment":[{"href":"http:\/\/shinyyoustationery.com\/pl\/wp-json\/wp\/v2\/media?parent=30208"}],"wp:term":[{"taxonomy":"product_brand","embeddable":true,"href":"http:\/\/shinyyoustationery.com\/pl\/wp-json\/wp\/v2\/product_brand?post=30208"},{"taxonomy":"product_cat","embeddable":true,"href":"http:\/\/shinyyoustationery.com\/pl\/wp-json\/wp\/v2\/product_cat?post=30208"},{"taxonomy":"product_tag","embeddable":true,"href":"http:\/\/shinyyoustationery.com\/pl\/wp-json\/wp\/v2\/product_tag?post=30208"}],"curies":[{"name":"wp","href":"https:\/\/api.w.org\/{rel}","templated":true}]}}