{"id":33036,"date":"2025-06-22T21:34:55","date_gmt":"2025-06-23T05:34:55","guid":{"rendered":"http:\/\/45.63.70.205\/?post_type=product&#038;p=33036"},"modified":"2025-07-07T15:20:55","modified_gmt":"2025-07-07T07:20:55","slug":"wholesale-custom-stylish-green-pencil-case-with-daisy-flower-design","status":"publish","type":"product","link":"http:\/\/shinyyoustationery.com\/pl\/wholesale-custom-stylish-green-pencil-case-with-daisy-flower-design\/","title":{"rendered":"Hurtowy niestandardowy stylowy zielony pi\u00f3rnik z motywem kwiatu stokrotki"},"content":{"rendered":"","protected":false},"excerpt":{"rendered":"<p>Jest to elegancki i kompaktowy zielony pi\u00f3rnik z uroczym wzorem bia\u0142ego kwiatu stokrotki z boku. Wykonany jest z wytrzyma\u0142ego materia\u0142u i ma zamek b\u0142yskawiczny, dzi\u0119ki czemu idealnie nadaje si\u0119 do przechowywania d\u0142ugopis\u00f3w, o\u0142\u00f3wk\u00f3w lub innych ma\u0142ych artyku\u0142\u00f3w pi\u015bmiennych.<\/p>","protected":false},"featured_media":33038,"template":"","meta":[],"product_brand":[],"product_cat":[520,477,681],"product_tag":[],"class_list":{"0":"post-33036","1":"product","2":"type-product","3":"status-publish","4":"has-post-thumbnail","6":"product_cat-pencil-case-pouch","7":"product_cat-school-bags","8":"product_cat-green-collection","10":"first","11":"instock","12":"shipping-taxable","13":"product-type-simple"},"_links":{"self":[{"href":"http:\/\/shinyyoustationery.com\/pl\/wp-json\/wp\/v2\/product\/33036","targetHints":{"allow":["GET"]}}],"collection":[{"href":"http:\/\/shinyyoustationery.com\/pl\/wp-json\/wp\/v2\/product"}],"about":[{"href":"http:\/\/shinyyoustationery.com\/pl\/wp-json\/wp\/v2\/types\/product"}],"version-history":[{"count":0,"href":"http:\/\/shinyyoustationery.com\/pl\/wp-json\/wp\/v2\/product\/33036\/revisions"}],"wp:featuredmedia":[{"embeddable":true,"href":"http:\/\/shinyyoustationery.com\/pl\/wp-json\/wp\/v2\/media\/33038"}],"wp:attachment":[{"href":"http:\/\/shinyyoustationery.com\/pl\/wp-json\/wp\/v2\/media?parent=33036"}],"wp:term":[{"taxonomy":"product_brand","embeddable":true,"href":"http:\/\/shinyyoustationery.com\/pl\/wp-json\/wp\/v2\/product_brand?post=33036"},{"taxonomy":"product_cat","embeddable":true,"href":"http:\/\/shinyyoustationery.com\/pl\/wp-json\/wp\/v2\/product_cat?post=33036"},{"taxonomy":"product_tag","embeddable":true,"href":"http:\/\/shinyyoustationery.com\/pl\/wp-json\/wp\/v2\/product_tag?post=33036"}],"curies":[{"name":"wp","href":"https:\/\/api.w.org\/{rel}","templated":true}]}}