{"id":33044,"date":"2025-06-22T22:05:53","date_gmt":"2025-06-23T06:05:53","guid":{"rendered":"http:\/\/45.63.70.205\/?post_type=product&#038;p=33044"},"modified":"2025-07-07T15:16:50","modified_gmt":"2025-07-07T07:16:50","slug":"wholesale-custom-floral-insulated-lunch-bag-compact-cute-eco-friendly","status":"publish","type":"product","link":"http:\/\/shinyyoustationery.com\/pl\/wholesale-custom-floral-insulated-lunch-bag-compact-cute-eco-friendly\/","title":{"rendered":"Hurtowa niestandardowa torba na lunch z izolacj\u0105 kwiatow\u0105 - kompaktowa, \u0142adna i przyjazna dla \u015brodowiska"},"content":{"rendered":"","protected":false},"excerpt":{"rendered":"<p>Dodaj uroku swoim posi\u0142kom dzi\u0119ki tej uroczej zielonej torbie na lunch z weso\u0142ym kwiatowym wzorem. Lekka, ale wytrzyma\u0142a, jest idealna do przechowywania \u015bwie\u017cych posi\u0142k\u00f3w w podr\u00f3\u017cy. Dzi\u0119ki bezpiecznemu zamkni\u0119ciu na zamek b\u0142yskawiczny, \u0142atwym do przenoszenia uchwytom i izolowanej podszewce, ta torba na lunch jest idealna do szko\u0142y, pracy lub na pikniki. Stylowa, praktyczna i wielokrotnego u\u017cytku - doskona\u0142y wyb\u00f3r dla \u015bwiadomych ekologicznie mi\u0142o\u015bnik\u00f3w lunchu!<\/p>","protected":false},"featured_media":33047,"template":"","meta":[],"product_brand":[],"product_cat":[681,477,536],"product_tag":[],"class_list":{"0":"post-33044","1":"product","2":"type-product","3":"status-publish","4":"has-post-thumbnail","6":"product_cat-green-collection","7":"product_cat-school-bags","8":"product_cat-lunch-bag-box","10":"first","11":"instock","12":"shipping-taxable","13":"product-type-simple"},"_links":{"self":[{"href":"http:\/\/shinyyoustationery.com\/pl\/wp-json\/wp\/v2\/product\/33044","targetHints":{"allow":["GET"]}}],"collection":[{"href":"http:\/\/shinyyoustationery.com\/pl\/wp-json\/wp\/v2\/product"}],"about":[{"href":"http:\/\/shinyyoustationery.com\/pl\/wp-json\/wp\/v2\/types\/product"}],"version-history":[{"count":0,"href":"http:\/\/shinyyoustationery.com\/pl\/wp-json\/wp\/v2\/product\/33044\/revisions"}],"wp:featuredmedia":[{"embeddable":true,"href":"http:\/\/shinyyoustationery.com\/pl\/wp-json\/wp\/v2\/media\/33047"}],"wp:attachment":[{"href":"http:\/\/shinyyoustationery.com\/pl\/wp-json\/wp\/v2\/media?parent=33044"}],"wp:term":[{"taxonomy":"product_brand","embeddable":true,"href":"http:\/\/shinyyoustationery.com\/pl\/wp-json\/wp\/v2\/product_brand?post=33044"},{"taxonomy":"product_cat","embeddable":true,"href":"http:\/\/shinyyoustationery.com\/pl\/wp-json\/wp\/v2\/product_cat?post=33044"},{"taxonomy":"product_tag","embeddable":true,"href":"http:\/\/shinyyoustationery.com\/pl\/wp-json\/wp\/v2\/product_tag?post=33044"}],"curies":[{"name":"wp","href":"https:\/\/api.w.org\/{rel}","templated":true}]}}