{"id":33052,"date":"2025-06-22T22:25:00","date_gmt":"2025-06-23T06:25:00","guid":{"rendered":"http:\/\/45.63.70.205\/?post_type=product&#038;p=33052"},"modified":"2025-07-07T15:16:58","modified_gmt":"2025-07-07T07:16:58","slug":"wholesale-custom-floral-green-insulated-lunch-bag-chic-and-eco-friendly","status":"publish","type":"product","link":"http:\/\/shinyyoustationery.com\/pl\/wholesale-custom-floral-green-insulated-lunch-bag-chic-and-eco-friendly\/","title":{"rendered":"Hurtowa niestandardowa torba na lunch z zielonym kwiatem - elegancka i przyjazna dla \u015brodowiska"},"content":{"rendered":"","protected":false},"excerpt":{"rendered":"<p>Ta urocza zielona torba na lunch ma uroczy kwiatowy wz\u00f3r, oferuj\u0105c idealne po\u0142\u0105czenie stylu i funkcjonalno\u015bci. Torba jest izolowana, aby zachowa\u0107 \u015bwie\u017co\u015b\u0107 posi\u0142k\u00f3w, niezale\u017cnie od tego, czy wybierasz si\u0119 do pracy, szko\u0142y czy na piknik. Kompaktowy rozmiar, wytrzyma\u0142y materia\u0142 i por\u0119czne zamkni\u0119cie na suwak sprawiaj\u0105, \u017ce torba jest zar\u00f3wno praktyczna, jak i modna. Prosty, ale modny kwiatowy wz\u00f3r dodaje odrobin\u0119 natury do Twojego dnia, a solidny uchwyt u\u0142atwia przenoszenie. Doskona\u0142y wyb\u00f3r dla tych, kt\u00f3rzy chc\u0105 doda\u0107 odrobin\u0119 koloru i osobowo\u015bci do swojej codziennej rutyny lunchowej!<\/p>","protected":false},"featured_media":33055,"template":"","meta":[],"product_brand":[],"product_cat":[681,477,536],"product_tag":[],"class_list":{"0":"post-33052","1":"product","2":"type-product","3":"status-publish","4":"has-post-thumbnail","6":"product_cat-green-collection","7":"product_cat-school-bags","8":"product_cat-lunch-bag-box","10":"first","11":"instock","12":"shipping-taxable","13":"product-type-simple"},"_links":{"self":[{"href":"http:\/\/shinyyoustationery.com\/pl\/wp-json\/wp\/v2\/product\/33052","targetHints":{"allow":["GET"]}}],"collection":[{"href":"http:\/\/shinyyoustationery.com\/pl\/wp-json\/wp\/v2\/product"}],"about":[{"href":"http:\/\/shinyyoustationery.com\/pl\/wp-json\/wp\/v2\/types\/product"}],"version-history":[{"count":0,"href":"http:\/\/shinyyoustationery.com\/pl\/wp-json\/wp\/v2\/product\/33052\/revisions"}],"wp:featuredmedia":[{"embeddable":true,"href":"http:\/\/shinyyoustationery.com\/pl\/wp-json\/wp\/v2\/media\/33055"}],"wp:attachment":[{"href":"http:\/\/shinyyoustationery.com\/pl\/wp-json\/wp\/v2\/media?parent=33052"}],"wp:term":[{"taxonomy":"product_brand","embeddable":true,"href":"http:\/\/shinyyoustationery.com\/pl\/wp-json\/wp\/v2\/product_brand?post=33052"},{"taxonomy":"product_cat","embeddable":true,"href":"http:\/\/shinyyoustationery.com\/pl\/wp-json\/wp\/v2\/product_cat?post=33052"},{"taxonomy":"product_tag","embeddable":true,"href":"http:\/\/shinyyoustationery.com\/pl\/wp-json\/wp\/v2\/product_tag?post=33052"}],"curies":[{"name":"wp","href":"https:\/\/api.w.org\/{rel}","templated":true}]}}