{"id":33058,"date":"2025-06-22T22:37:47","date_gmt":"2025-06-23T06:37:47","guid":{"rendered":"http:\/\/45.63.70.205\/?post_type=product&#038;p=33058"},"modified":"2025-07-07T15:17:05","modified_gmt":"2025-07-07T07:17:05","slug":"wholesale-custom-durable-insulated-lunch-bag-for-easy-carrying-and-freshness","status":"publish","type":"product","link":"http:\/\/shinyyoustationery.com\/pl\/wholesale-custom-durable-insulated-lunch-bag-for-easy-carrying-and-freshness\/","title":{"rendered":"Hurtowa niestandardowa trwa\u0142a izolowana torba na lunch dla \u0142atwego przenoszenia i \u015bwie\u017co\u015bci"},"content":{"rendered":"","protected":false},"excerpt":{"rendered":"<p>Ta wszechstronna torba na lunch ma izolowan\u0105 konstrukcj\u0119, kt\u00f3ra zapewnia \u015bwie\u017co\u015b\u0107 \u017cywno\u015bci w podr\u00f3\u017cy. Idealna do szko\u0142y, pracy lub podr\u00f3\u017cy, oferuje zar\u00f3wno wygod\u0119, jak i praktyczno\u015b\u0107 dzi\u0119ki du\u017cej przestrzeni do przechowywania i wygodnemu uchwytowi do przenoszenia.<\/p>","protected":false},"featured_media":33059,"template":"","meta":[],"product_brand":[],"product_cat":[681,477,536],"product_tag":[],"class_list":{"0":"post-33058","1":"product","2":"type-product","3":"status-publish","4":"has-post-thumbnail","6":"product_cat-green-collection","7":"product_cat-school-bags","8":"product_cat-lunch-bag-box","10":"first","11":"instock","12":"shipping-taxable","13":"product-type-simple"},"_links":{"self":[{"href":"http:\/\/shinyyoustationery.com\/pl\/wp-json\/wp\/v2\/product\/33058","targetHints":{"allow":["GET"]}}],"collection":[{"href":"http:\/\/shinyyoustationery.com\/pl\/wp-json\/wp\/v2\/product"}],"about":[{"href":"http:\/\/shinyyoustationery.com\/pl\/wp-json\/wp\/v2\/types\/product"}],"version-history":[{"count":0,"href":"http:\/\/shinyyoustationery.com\/pl\/wp-json\/wp\/v2\/product\/33058\/revisions"}],"wp:featuredmedia":[{"embeddable":true,"href":"http:\/\/shinyyoustationery.com\/pl\/wp-json\/wp\/v2\/media\/33059"}],"wp:attachment":[{"href":"http:\/\/shinyyoustationery.com\/pl\/wp-json\/wp\/v2\/media?parent=33058"}],"wp:term":[{"taxonomy":"product_brand","embeddable":true,"href":"http:\/\/shinyyoustationery.com\/pl\/wp-json\/wp\/v2\/product_brand?post=33058"},{"taxonomy":"product_cat","embeddable":true,"href":"http:\/\/shinyyoustationery.com\/pl\/wp-json\/wp\/v2\/product_cat?post=33058"},{"taxonomy":"product_tag","embeddable":true,"href":"http:\/\/shinyyoustationery.com\/pl\/wp-json\/wp\/v2\/product_tag?post=33058"}],"curies":[{"name":"wp","href":"https:\/\/api.w.org\/{rel}","templated":true}]}}