{"id":33120,"date":"2025-06-23T01:22:08","date_gmt":"2025-06-23T09:22:08","guid":{"rendered":"http:\/\/45.63.70.205\/?post_type=product&#038;p=33120"},"modified":"2025-06-23T01:22:08","modified_gmt":"2025-06-23T09:22:08","slug":"wholesale-custom-lemon-themed-sticky-notes-set-for-weekly-planning-at-school-office","status":"publish","type":"product","link":"http:\/\/shinyyoustationery.com\/pl\/wholesale-custom-lemon-themed-sticky-notes-set-for-weekly-planning-at-school-office\/","title":{"rendered":"Hurtowy zestaw karteczek samoprzylepnych o tematyce cytrynowej do cotygodniowego planowania w szkole i biurze"},"content":{"rendered":"","protected":false},"excerpt":{"rendered":"<p>B\u0105d\u017a na bie\u017c\u0105co ze swoim harmonogramem dzi\u0119ki temu \u017cywemu zestawowi karteczek samoprzylepnych z motywem cytryny. Zawiera on sekcje na codzienne zadania, przypomnienia, priorytety i dzia\u0142ania, dzi\u0119ki czemu jest zabawnym i praktycznym narz\u0119dziem do organizowania tygodnia. Idealny na biurko w domu, w klasie lub w biurze, ten zestaw wnosi odrobin\u0119 cytrusowej rado\u015bci do rutyny planowania.<\/p>","protected":false},"featured_media":33121,"template":"","meta":[],"product_brand":[],"product_cat":[682,385],"product_tag":[],"class_list":{"0":"post-33120","1":"product","2":"type-product","3":"status-publish","4":"has-post-thumbnail","6":"product_cat-lemon-collection","7":"product_cat-sticky-note","9":"first","10":"instock","11":"shipping-taxable","12":"product-type-simple"},"_links":{"self":[{"href":"http:\/\/shinyyoustationery.com\/pl\/wp-json\/wp\/v2\/product\/33120","targetHints":{"allow":["GET"]}}],"collection":[{"href":"http:\/\/shinyyoustationery.com\/pl\/wp-json\/wp\/v2\/product"}],"about":[{"href":"http:\/\/shinyyoustationery.com\/pl\/wp-json\/wp\/v2\/types\/product"}],"version-history":[{"count":0,"href":"http:\/\/shinyyoustationery.com\/pl\/wp-json\/wp\/v2\/product\/33120\/revisions"}],"wp:featuredmedia":[{"embeddable":true,"href":"http:\/\/shinyyoustationery.com\/pl\/wp-json\/wp\/v2\/media\/33121"}],"wp:attachment":[{"href":"http:\/\/shinyyoustationery.com\/pl\/wp-json\/wp\/v2\/media?parent=33120"}],"wp:term":[{"taxonomy":"product_brand","embeddable":true,"href":"http:\/\/shinyyoustationery.com\/pl\/wp-json\/wp\/v2\/product_brand?post=33120"},{"taxonomy":"product_cat","embeddable":true,"href":"http:\/\/shinyyoustationery.com\/pl\/wp-json\/wp\/v2\/product_cat?post=33120"},{"taxonomy":"product_tag","embeddable":true,"href":"http:\/\/shinyyoustationery.com\/pl\/wp-json\/wp\/v2\/product_tag?post=33120"}],"curies":[{"name":"wp","href":"https:\/\/api.w.org\/{rel}","templated":true}]}}