{"id":33125,"date":"2025-06-23T01:39:47","date_gmt":"2025-06-23T09:39:47","guid":{"rendered":"http:\/\/45.63.70.205\/?post_type=product&#038;p=33125"},"modified":"2025-06-23T01:39:47","modified_gmt":"2025-06-23T09:39:47","slug":"wholesale-custom-lemon-weekly-planner-pad-for-desk-use-at-home-school-or-office","status":"publish","type":"product","link":"http:\/\/shinyyoustationery.com\/pl\/wholesale-custom-lemon-weekly-planner-pad-for-desk-use-at-home-school-or-office\/","title":{"rendered":"Hurtowy niestandardowy planer tygodniowy Lemon do u\u017cytku na biurku w domu, szkole lub biurze"},"content":{"rendered":"","protected":false},"excerpt":{"rendered":"<p>Zaplanuj sw\u00f3j tydzie\u0144 w dobrym stylu dzi\u0119ki temu weso\u0142emu tygodniowemu planerowi z motywem cytryny. Dzi\u0119ki wyra\u017anie podzielonym sekcjom na ka\u017cdy dzie\u0144, a tak\u017ce dedykowanym obszarom na priorytety i notatki, jest to idealne narz\u0119dzie do utrzymania porz\u0105dku i koncentracji. Niezale\u017cnie od tego, czy zarz\u0105dzasz zadaniami szkolnymi, zadaniami biurowymi czy osobistymi celami, ten \u017cywy planer na biurko sprawi, \u017ce wszystko b\u0119dzie w zasi\u0119gu wzroku i na dobrej drodze.<\/p>","protected":false},"featured_media":33126,"template":"","meta":[],"product_brand":[],"product_cat":[682,669],"product_tag":[],"class_list":{"0":"post-33125","1":"product","2":"type-product","3":"status-publish","4":"has-post-thumbnail","6":"product_cat-lemon-collection","7":"product_cat-planners","9":"first","10":"instock","11":"shipping-taxable","12":"product-type-simple"},"_links":{"self":[{"href":"http:\/\/shinyyoustationery.com\/pl\/wp-json\/wp\/v2\/product\/33125","targetHints":{"allow":["GET"]}}],"collection":[{"href":"http:\/\/shinyyoustationery.com\/pl\/wp-json\/wp\/v2\/product"}],"about":[{"href":"http:\/\/shinyyoustationery.com\/pl\/wp-json\/wp\/v2\/types\/product"}],"version-history":[{"count":0,"href":"http:\/\/shinyyoustationery.com\/pl\/wp-json\/wp\/v2\/product\/33125\/revisions"}],"wp:featuredmedia":[{"embeddable":true,"href":"http:\/\/shinyyoustationery.com\/pl\/wp-json\/wp\/v2\/media\/33126"}],"wp:attachment":[{"href":"http:\/\/shinyyoustationery.com\/pl\/wp-json\/wp\/v2\/media?parent=33125"}],"wp:term":[{"taxonomy":"product_brand","embeddable":true,"href":"http:\/\/shinyyoustationery.com\/pl\/wp-json\/wp\/v2\/product_brand?post=33125"},{"taxonomy":"product_cat","embeddable":true,"href":"http:\/\/shinyyoustationery.com\/pl\/wp-json\/wp\/v2\/product_cat?post=33125"},{"taxonomy":"product_tag","embeddable":true,"href":"http:\/\/shinyyoustationery.com\/pl\/wp-json\/wp\/v2\/product_tag?post=33125"}],"curies":[{"name":"wp","href":"https:\/\/api.w.org\/{rel}","templated":true}]}}