{"id":33129,"date":"2025-06-23T01:51:10","date_gmt":"2025-06-23T09:51:10","guid":{"rendered":"http:\/\/45.63.70.205\/?post_type=product&#038;p=33129"},"modified":"2025-06-23T01:51:10","modified_gmt":"2025-06-23T09:51:10","slug":"wholesale-custom-lemon-themed-to-do-list-for-kitchen-counters-offices-or-daily-errands","status":"publish","type":"product","link":"http:\/\/shinyyoustationery.com\/pl\/wholesale-custom-lemon-themed-to-do-list-for-kitchen-counters-offices-or-daily-errands\/","title":{"rendered":"Hurtowa lista rzeczy do zrobienia o tematyce cytrynowej na lad\u0119 kuchenn\u0105, do biura lub codziennych sprawunk\u00f3w"},"content":{"rendered":"","protected":false},"excerpt":{"rendered":"<p>Zanotuj zadania, listy zakup\u00f3w lub przypomnienia w dobrym stylu dzi\u0119ki temu zestawowi z list\u0105 rzeczy do zrobienia i o\u0142\u00f3wkiem w kolorze \u015bwie\u017cej cytryny. Uroczy schowek z wy\u015bcie\u0142anym notatnikiem i wygodnym uchwytem na o\u0142\u00f3wek jest idealny na pracowite poranki w kuchni, szybkie notatki przy biurku lub planowanie sprawunk\u00f3w w podr\u00f3\u017cy. Weso\u0142y i funkcjonalny towarzysz codziennej organizacji.<\/p>","protected":false},"featured_media":33130,"template":"","meta":[],"product_brand":[],"product_cat":[682,669],"product_tag":[],"class_list":{"0":"post-33129","1":"product","2":"type-product","3":"status-publish","4":"has-post-thumbnail","6":"product_cat-lemon-collection","7":"product_cat-planners","9":"first","10":"instock","11":"shipping-taxable","12":"product-type-simple"},"_links":{"self":[{"href":"http:\/\/shinyyoustationery.com\/pl\/wp-json\/wp\/v2\/product\/33129","targetHints":{"allow":["GET"]}}],"collection":[{"href":"http:\/\/shinyyoustationery.com\/pl\/wp-json\/wp\/v2\/product"}],"about":[{"href":"http:\/\/shinyyoustationery.com\/pl\/wp-json\/wp\/v2\/types\/product"}],"version-history":[{"count":0,"href":"http:\/\/shinyyoustationery.com\/pl\/wp-json\/wp\/v2\/product\/33129\/revisions"}],"wp:featuredmedia":[{"embeddable":true,"href":"http:\/\/shinyyoustationery.com\/pl\/wp-json\/wp\/v2\/media\/33130"}],"wp:attachment":[{"href":"http:\/\/shinyyoustationery.com\/pl\/wp-json\/wp\/v2\/media?parent=33129"}],"wp:term":[{"taxonomy":"product_brand","embeddable":true,"href":"http:\/\/shinyyoustationery.com\/pl\/wp-json\/wp\/v2\/product_brand?post=33129"},{"taxonomy":"product_cat","embeddable":true,"href":"http:\/\/shinyyoustationery.com\/pl\/wp-json\/wp\/v2\/product_cat?post=33129"},{"taxonomy":"product_tag","embeddable":true,"href":"http:\/\/shinyyoustationery.com\/pl\/wp-json\/wp\/v2\/product_tag?post=33129"}],"curies":[{"name":"wp","href":"https:\/\/api.w.org\/{rel}","templated":true}]}}