{"id":33132,"date":"2025-06-23T01:59:19","date_gmt":"2025-06-23T09:59:19","guid":{"rendered":"http:\/\/45.63.70.205\/?post_type=product&#038;p=33132"},"modified":"2025-07-03T20:03:54","modified_gmt":"2025-07-03T12:03:54","slug":"wholesale-custom-lemon-stationery-gift-set-perfect-for-school-office-desks-or-gifting","status":"publish","type":"product","link":"http:\/\/shinyyoustationery.com\/pl\/wholesale-custom-lemon-stationery-gift-set-perfect-for-school-office-desks-or-gifting\/","title":{"rendered":"Hurtowy zestaw upominkowy papeterii cytrynowej - idealny do szko\u0142y, na biurko lub jako prezent"},"content":{"rendered":"","protected":false},"excerpt":{"rendered":"<p>Rozja\u015bnij swoje miejsce pracy lub zaskocz kogo\u015b wyj\u0105tkowego tym weso\u0142ym zestawem papeterii z motywem cytryny. W komplecie ze spinaczami do papieru, karteczkami samoprzylepnymi, notatnikami, d\u0142ugopisem, naklejkami i pasuj\u0105cym etui na o\u0142\u00f3wek, idealnie nadaje si\u0119 do organizowania zada\u0144, ozdabiania notatek lub dodawania zabawy do przybor\u00f3w szkolnych lub biurowych. \u017bywy i praktyczny zestaw do codziennej kreatywno\u015bci i produktywno\u015bci.<\/p>","protected":false},"featured_media":33134,"template":"","meta":[],"product_brand":[],"product_cat":[682,331],"product_tag":[],"class_list":{"0":"post-33132","1":"product","2":"type-product","3":"status-publish","4":"has-post-thumbnail","6":"product_cat-lemon-collection","7":"product_cat-stationery-set","9":"first","10":"instock","11":"shipping-taxable","12":"product-type-simple"},"_links":{"self":[{"href":"http:\/\/shinyyoustationery.com\/pl\/wp-json\/wp\/v2\/product\/33132","targetHints":{"allow":["GET"]}}],"collection":[{"href":"http:\/\/shinyyoustationery.com\/pl\/wp-json\/wp\/v2\/product"}],"about":[{"href":"http:\/\/shinyyoustationery.com\/pl\/wp-json\/wp\/v2\/types\/product"}],"version-history":[{"count":0,"href":"http:\/\/shinyyoustationery.com\/pl\/wp-json\/wp\/v2\/product\/33132\/revisions"}],"wp:featuredmedia":[{"embeddable":true,"href":"http:\/\/shinyyoustationery.com\/pl\/wp-json\/wp\/v2\/media\/33134"}],"wp:attachment":[{"href":"http:\/\/shinyyoustationery.com\/pl\/wp-json\/wp\/v2\/media?parent=33132"}],"wp:term":[{"taxonomy":"product_brand","embeddable":true,"href":"http:\/\/shinyyoustationery.com\/pl\/wp-json\/wp\/v2\/product_brand?post=33132"},{"taxonomy":"product_cat","embeddable":true,"href":"http:\/\/shinyyoustationery.com\/pl\/wp-json\/wp\/v2\/product_cat?post=33132"},{"taxonomy":"product_tag","embeddable":true,"href":"http:\/\/shinyyoustationery.com\/pl\/wp-json\/wp\/v2\/product_tag?post=33132"}],"curies":[{"name":"wp","href":"https:\/\/api.w.org\/{rel}","templated":true}]}}